{"id":13772,"date":"2026-01-20T23:11:36","date_gmt":"2026-01-20T22:11:36","guid":{"rendered":"https:\/\/www.losencuentrosdepamplona.com\/?page_id=13772"},"modified":"2026-03-24T10:06:25","modified_gmt":"2026-03-24T09:06:25","slug":"our-galactic-camp","status":"publish","type":"page","link":"https:\/\/www.losencuentrosdepamplona.com\/en\/escuela\/the-school\/our-galactic-camp\/","title":{"rendered":"OUR GALACTIC CAMP"},"content":{"rendered":"\t\t<div data-elementor-type=\"wp-page\" data-elementor-id=\"13772\" class=\"elementor elementor-13772 elementor-13465\" data-elementor-post-type=\"page\">\n\t\t\t\t<div class=\"elementor-element elementor-element-ab8477a e-flex e-con-boxed e-con e-parent\" data-id=\"ab8477a\" data-element_type=\"container\">\n\t\t\t\t\t<div class=\"e-con-inner\">\n\t\t<div data-dce-background-color=\"#E0E0E0\" class=\"elementor-element elementor-element-aaf5b06 e-con-full e-flex e-con e-child\" data-id=\"aaf5b06\" data-element_type=\"container\" data-settings=\"{&quot;background_background&quot;:&quot;classic&quot;,&quot;sticky&quot;:&quot;top&quot;,&quot;sticky_on&quot;:[&quot;desktop&quot;,&quot;tablet&quot;],&quot;sticky_offset&quot;:120,&quot;sticky_parent&quot;:&quot;yes&quot;,&quot;sticky_offset_mobile&quot;:0,&quot;sticky_effects_offset&quot;:0}\">\n\t\t\t\t<div class=\"elementor-element elementor-element-f70e99c dce_masking-none elementor-widget elementor-widget-image\" data-id=\"f70e99c\" data-element_type=\"widget\" data-widget_type=\"image.default\">\n\t\t\t\t<div class=\"elementor-widget-container\">\n\t\t\t\t\t\t\t\t\t\t\t\t\t<img fetchpriority=\"high\" decoding=\"async\" width=\"841\" height=\"720\" src=\"https:\/\/www.losencuentrosdepamplona.com\/wp-content\/uploads\/2026\/01\/AZKONATOLOZA.jpg\" class=\"attachment-large size-large wp-image-13410\" alt=\"\" srcset=\"https:\/\/www.losencuentrosdepamplona.com\/wp-content\/uploads\/2026\/01\/AZKONATOLOZA.jpg 841w, https:\/\/www.losencuentrosdepamplona.com\/wp-content\/uploads\/2026\/01\/AZKONATOLOZA-300x257.jpg 300w, https:\/\/www.losencuentrosdepamplona.com\/wp-content\/uploads\/2026\/01\/AZKONATOLOZA-768x658.jpg 768w\" sizes=\"(max-width: 841px) 100vw, 841px\" \/>\t\t\t\t\t\t\t\t\t\t\t\t\t<\/div>\n\t\t\t\t<\/div>\n\t\t\t\t<div class=\"elementor-element elementor-element-e1f538a elementor-widget elementor-widget-heading\" data-id=\"e1f538a\" data-element_type=\"widget\" data-widget_type=\"heading.default\">\n\t\t\t\t<div class=\"elementor-widget-container\">\n\t\t\t<h2 class=\"elementor-heading-title elementor-size-default\">AzkonaToloza<\/h2>\t\t<\/div>\n\t\t\t\t<\/div>\n\t\t\t\t<div class=\"elementor-element elementor-element-b46f2cb elementor-widget elementor-widget-text-editor\" data-id=\"b46f2cb\" data-element_type=\"widget\" data-widget_type=\"text-editor.default\">\n\t\t\t\t<div class=\"elementor-widget-container\">\n\t\t\t\t\t\t\t<p><span style=\"font-weight: 400;\">Situated somewhere between the Mediterranean Sea, the Pyrenees and the Atacama Desert, Laida Azkona Go\u00f1i and Txalo Toloza-Fern\u00e1ndez are a couple of artists dedicated to creating living arts projects.<\/span><\/p><p><span style=\"font-weight: 400;\">Interested in the endless possibilities of poetry and visual anthropology, lo-fi video creativity, performance and movement, their latest creations focus on reinterpreting official history and documentary creativity intended for the stage. Taking the stage to mean anything from an opera house auditorium to the immensity of a salt pan high on a plateau.<\/span><\/p><p><span style=\"font-weight: 400;\">Among other theatres and festivals, their work has featured at the Grec Festival and Festival S\u00e2lmon de Artes Vivas in Barcelona, Th\u00e8\u00e2tre de la Ville and Festival d\u2019Automne in Paris, Th\u00e8\u00e2tre Garonne in Toulouse, KVS in Brussels, EuroSzene in Leipzig, La B\u00e2tie Festival in Geneva, FIAC in Salvador de Bahia, Festival Mirada de Santos in Sao Paulo, Museo Universitario del Chopo in Mexico City, Romaeuropa Festival in Rome, Festival Internacional in Buenos Aires, Fitei Digital in Porto, Sal\u00f3n Nacional de Artistas de Colombia in Bogot\u00e1, Naves Matadero and Teatro Espa\u00f1ol in Madrid, NAVE in Santiago de Chile, Escena Abierta in Burgos and Temporada Alta in Girona.<\/span><\/p>\t\t\t\t\t\t<\/div>\n\t\t\t\t<\/div>\n\t\t\t\t<\/div>\n\t\t<div class=\"elementor-element elementor-element-9b331ff e-con-full e-flex e-con e-child\" data-id=\"9b331ff\" data-element_type=\"container\">\n\t\t\t\t<div class=\"elementor-element elementor-element-eeb5b27 elementor-widget elementor-widget-heading\" data-id=\"eeb5b27\" data-element_type=\"widget\" data-widget_type=\"heading.default\">\n\t\t\t\t<div class=\"elementor-widget-container\">\n\t\t\t<h2 class=\"elementor-heading-title elementor-size-default\">OUR GALACTIC CAMP<\/h2>\t\t<\/div>\n\t\t\t\t<\/div>\n\t\t\t\t<div class=\"elementor-element elementor-element-fe29f02 elementor-widget elementor-widget-text-editor\" data-id=\"fe29f02\" data-element_type=\"widget\" data-widget_type=\"text-editor.default\">\n\t\t\t\t<div class=\"elementor-widget-container\">\n\t\t\t\t\t\t\t<p><span style=\"font-weight: 400;\">Sharing wisdom. Sharing knowledge. Sharing questions. Sharing desires. Sharing ideas. Sharing the strategies we need to imagine other realities, other futures.<\/span><\/p><p><span style=\"font-weight: 400;\">But how do we do it? Where do we start?\u00a0<\/span><\/p><p><span style=\"font-weight: 400;\">So, what if we turned those lengths of elastic we have tucked away in our store room into a safe space in which to meet?\u00a0<\/span><\/p><p><span style=\"font-weight: 400;\">And what if we constructed an ephemeral refuge in which to think about our planet? About its present and its future.<\/span><\/p><p><span style=\"font-weight: 400;\">And what if, just for a few hours, we turned a piece of the school playground into a forum in which to dream up new strategies to allow us to rethink our relationship with nature?<\/span><\/p><p><span style=\"font-weight: 400;\">A place to let us imagine and dream of other possible futures for Planet Earth.\u00a0<\/span><\/p><p><i><span style=\"font-weight: 400;\">To let us dream of ourselves.<\/span><\/i><\/p>\t\t\t\t\t\t<\/div>\n\t\t\t\t<\/div>\n\t\t\t\t<div data-dce-advanced-background-image-url=\"https:\/\/www.losencuentrosdepamplona.com\/wp-content\/uploads\/2026\/01\/NOVA-001-scaled.jpg\" class=\"elementor-element elementor-element-8d173a6 elementor-widget elementor-widget-heading\" data-id=\"8d173a6\" data-element_type=\"widget\" data-widget_type=\"heading.default\">\n\t\t\t\t<div class=\"elementor-widget-container\">\n\t\t\t<h2 class=\"elementor-heading-title elementor-size-default\">SCHOOL CENTERS<\/h2>\t\t<\/div>\n\t\t\t\t<\/div>\n\t\t<div class=\"elementor-element elementor-element-743a4bd e-con-full e-flex e-con e-child\" data-id=\"743a4bd\" data-element_type=\"container\">\n\t\t<div data-dce-background-color=\"#E0E0E0\" class=\"elementor-element elementor-element-3379853 e-con-full e-flex e-con e-child\" data-id=\"3379853\" data-element_type=\"container\" data-settings=\"{&quot;background_background&quot;:&quot;classic&quot;}\">\n\t\t\t\t<div class=\"elementor-element elementor-element-403ec8f elementor-widget elementor-widget-heading\" data-id=\"403ec8f\" data-element_type=\"widget\" data-widget_type=\"heading.default\">\n\t\t\t\t<div class=\"elementor-widget-container\">\n\t\t\t<h3 class=\"elementor-heading-title elementor-size-default\">CP Pitillas IP<\/h3>\t\t<\/div>\n\t\t\t\t<\/div>\n\t\t<!-- dce invisible element 60e4350 -->\t\t<\/div>\n\t\t<div data-dce-background-color=\"#E0E0E0\" class=\"elementor-element elementor-element-534171e e-con-full e-flex e-con e-child\" data-id=\"534171e\" data-element_type=\"container\" data-settings=\"{&quot;background_background&quot;:&quot;classic&quot;}\">\n\t\t\t\t<div class=\"elementor-element elementor-element-323d3e8 elementor-widget elementor-widget-heading\" data-id=\"323d3e8\" data-element_type=\"widget\" data-widget_type=\"heading.default\">\n\t\t\t\t<div class=\"elementor-widget-container\">\n\t\t\t<h3 class=\"elementor-heading-title elementor-size-default\">CP Beire IP<\/h3>\t\t<\/div>\n\t\t\t\t<\/div>\n\t\t<!-- dce invisible element 8fb6f26 --><!-- dce invisible element 96a337c -->\t\t<\/div>\n\t\t<div data-dce-background-color=\"#E0E0E0\" class=\"elementor-element elementor-element-02d043e e-con-full e-flex e-con e-child\" data-id=\"02d043e\" data-element_type=\"container\" data-settings=\"{&quot;background_background&quot;:&quot;classic&quot;}\">\n\t\t\t\t<div class=\"elementor-element elementor-element-46b0703 elementor-widget elementor-widget-heading\" data-id=\"46b0703\" data-element_type=\"widget\" data-widget_type=\"heading.default\">\n\t\t\t\t<div class=\"elementor-widget-container\">\n\t\t\t<h3 class=\"elementor-heading-title elementor-size-default\">CP Uju\u00e9 IP<\/h3>\t\t<\/div>\n\t\t\t\t<\/div>\n\t\t<!-- dce invisible element 95bc2f9 --><!-- dce invisible element e12a836 -->\t\t<\/div>\n\t\t\t\t<\/div>\n\t\t\t\t<\/div>\n\t\t\t\t\t<\/div>\n\t\t\t\t<\/div>\n\t\t\t\t<\/div>\n\t\t","protected":false},"excerpt":{"rendered":"<p>AzkonaToloza Situated somewhere between the Mediterranean Sea, the Pyrenees and the Atacama Desert, Laida Azkona Go\u00f1i and Txalo Toloza-Fern\u00e1ndez are a couple of artists dedicated to creating living arts projects. Interested in the endless possibilities of poetry and visual anthropology, lo-fi video creativity, performance and movement, their latest creations focus on reinterpreting official history and&hellip;&nbsp;<a href=\"https:\/\/www.losencuentrosdepamplona.com\/en\/escuela\/the-school\/our-galactic-camp\/\" rel=\"bookmark\">Read More &raquo;<span class=\"screen-reader-text\">OUR GALACTIC CAMP<\/span><\/a><\/p>\n","protected":false},"author":5,"featured_media":2445,"parent":14123,"menu_order":0,"comment_status":"closed","ping_status":"closed","template":"page-templates\/template-pagebuilder-full-width.php","meta":{"_acf_changed":false,"_uag_custom_page_level_css":"","_monsterinsights_skip_tracking":false,"_monsterinsights_sitenote_active":false,"_monsterinsights_sitenote_note":"","_monsterinsights_sitenote_category":0,"neve_meta_sidebar":"","neve_meta_container":"","neve_meta_enable_content_width":"","neve_meta_content_width":0,"neve_meta_title_alignment":"","neve_meta_author_avatar":"","neve_post_elements_order":"","neve_meta_disable_header":"","neve_meta_disable_footer":"","neve_meta_disable_title":"","neve_meta_reading_time":"","footnotes":""},"class_list":["post-13772","page","type-page","status-publish","has-post-thumbnail","hentry"],"acf":[],"yoast_head":"<!-- This site is optimized with the Yoast SEO plugin v23.5 - https:\/\/yoast.com\/wordpress\/plugins\/seo\/ -->\n<title>OUR GALACTIC CAMP - Encuentros de Pamplona \/ Iru\u00f1eko Topaketak<\/title>\n<meta name=\"robots\" content=\"index, follow, max-snippet:-1, max-image-preview:large, max-video-preview:-1\" \/>\n<link rel=\"canonical\" href=\"https:\/\/www.losencuentrosdepamplona.com\/escuela\/escuela-2\/el-futuro-es-primario-2\/\" \/>\n<meta property=\"og:locale\" content=\"en_US\" \/>\n<meta property=\"og:type\" content=\"article\" \/>\n<meta property=\"og:title\" content=\"OUR GALACTIC CAMP - Encuentros de Pamplona \/ Iru\u00f1eko Topaketak\" \/>\n<meta property=\"og:description\" content=\"AzkonaToloza Situated somewhere between the Mediterranean Sea, the Pyrenees and the Atacama Desert, Laida Azkona Go\u00f1i and Txalo Toloza-Fern\u00e1ndez are a couple of artists dedicated to creating living arts projects. Interested in the endless possibilities of poetry and visual anthropology, lo-fi video creativity, performance and movement, their latest creations focus on reinterpreting official history and&hellip;&nbsp;Read More &raquo;OUR GALACTIC CAMP\" \/>\n<meta property=\"og:url\" content=\"https:\/\/www.losencuentrosdepamplona.com\/escuela\/escuela-2\/el-futuro-es-primario-2\/\" \/>\n<meta property=\"og:site_name\" content=\"Encuentros de Pamplona \/ Iru\u00f1eko Topaketak\" \/>\n<meta property=\"article:publisher\" content=\"https:\/\/www.facebook.com\/encuentrosdepamplona\/\" \/>\n<meta property=\"article:modified_time\" content=\"2026-03-24T09:06:25+00:00\" \/>\n<meta property=\"og:image\" content=\"https:\/\/www.losencuentrosdepamplona.com\/wp-content\/uploads\/2024\/04\/Marina-LAMEIRO.jpg\" \/>\n\t<meta property=\"og:image:width\" content=\"800\" \/>\n\t<meta property=\"og:image:height\" content=\"915\" \/>\n\t<meta property=\"og:image:type\" content=\"image\/jpeg\" \/>\n<meta name=\"twitter:card\" content=\"summary_large_image\" \/>\n<meta name=\"twitter:site\" content=\"@encuentros2024\" \/>\n<meta name=\"twitter:label1\" content=\"Est. reading time\" \/>\n\t<meta name=\"twitter:data1\" content=\"3 minutes\" \/>\n<script type=\"application\/ld+json\" class=\"yoast-schema-graph\">{\"@context\":\"https:\/\/schema.org\",\"@graph\":[{\"@type\":\"WebPage\",\"@id\":\"https:\/\/www.losencuentrosdepamplona.com\/escuela\/escuela-2\/el-futuro-es-primario-2\/\",\"url\":\"https:\/\/www.losencuentrosdepamplona.com\/escuela\/escuela-2\/el-futuro-es-primario-2\/\",\"name\":\"OUR GALACTIC CAMP - Encuentros de Pamplona \/ Iru\u00f1eko Topaketak\",\"isPartOf\":{\"@id\":\"https:\/\/www.losencuentrosdepamplona.com\/#website\"},\"primaryImageOfPage\":{\"@id\":\"https:\/\/www.losencuentrosdepamplona.com\/escuela\/escuela-2\/el-futuro-es-primario-2\/#primaryimage\"},\"image\":{\"@id\":\"https:\/\/www.losencuentrosdepamplona.com\/escuela\/escuela-2\/el-futuro-es-primario-2\/#primaryimage\"},\"thumbnailUrl\":\"https:\/\/www.losencuentrosdepamplona.com\/wp-content\/uploads\/2024\/04\/Marina-LAMEIRO.jpg\",\"datePublished\":\"2026-01-20T22:11:36+00:00\",\"dateModified\":\"2026-03-24T09:06:25+00:00\",\"breadcrumb\":{\"@id\":\"https:\/\/www.losencuentrosdepamplona.com\/escuela\/escuela-2\/el-futuro-es-primario-2\/#breadcrumb\"},\"inLanguage\":\"en-US\",\"potentialAction\":[{\"@type\":\"ReadAction\",\"target\":[\"https:\/\/www.losencuentrosdepamplona.com\/escuela\/escuela-2\/el-futuro-es-primario-2\/\"]}]},{\"@type\":\"ImageObject\",\"inLanguage\":\"en-US\",\"@id\":\"https:\/\/www.losencuentrosdepamplona.com\/escuela\/escuela-2\/el-futuro-es-primario-2\/#primaryimage\",\"url\":\"https:\/\/www.losencuentrosdepamplona.com\/wp-content\/uploads\/2024\/04\/Marina-LAMEIRO.jpg\",\"contentUrl\":\"https:\/\/www.losencuentrosdepamplona.com\/wp-content\/uploads\/2024\/04\/Marina-LAMEIRO.jpg\",\"width\":800,\"height\":915},{\"@type\":\"BreadcrumbList\",\"@id\":\"https:\/\/www.losencuentrosdepamplona.com\/escuela\/escuela-2\/el-futuro-es-primario-2\/#breadcrumb\",\"itemListElement\":[{\"@type\":\"ListItem\",\"position\":1,\"name\":\"Portada\",\"item\":\"https:\/\/www.losencuentrosdepamplona.com\/en\/\"},{\"@type\":\"ListItem\",\"position\":2,\"name\":\"School 26\",\"item\":\"https:\/\/www.losencuentrosdepamplona.com\/eu\/escuela\/\"},{\"@type\":\"ListItem\",\"position\":3,\"name\":\"The school\",\"item\":\"https:\/\/www.losencuentrosdepamplona.com\/eu\/escuela\/eskola\/\"},{\"@type\":\"ListItem\",\"position\":4,\"name\":\"OUR GALACTIC CAMP\"}]},{\"@type\":\"WebSite\",\"@id\":\"https:\/\/www.losencuentrosdepamplona.com\/#website\",\"url\":\"https:\/\/www.losencuentrosdepamplona.com\/\",\"name\":\"Encuentros de Pamplona \/ Iru\u00f1eko Topaketak\",\"description\":\"Bienal internacional de cultura, arte y pensamiento\",\"publisher\":{\"@id\":\"https:\/\/www.losencuentrosdepamplona.com\/#organization\"},\"potentialAction\":[{\"@type\":\"SearchAction\",\"target\":{\"@type\":\"EntryPoint\",\"urlTemplate\":\"https:\/\/www.losencuentrosdepamplona.com\/?s={search_term_string}\"},\"query-input\":{\"@type\":\"PropertyValueSpecification\",\"valueRequired\":true,\"valueName\":\"search_term_string\"}}],\"inLanguage\":\"en-US\"},{\"@type\":\"Organization\",\"@id\":\"https:\/\/www.losencuentrosdepamplona.com\/#organization\",\"name\":\"Encuentros de Pamplona \/ Iru\u00f1eko Topaketak\",\"url\":\"https:\/\/www.losencuentrosdepamplona.com\/\",\"logo\":{\"@type\":\"ImageObject\",\"inLanguage\":\"en-US\",\"@id\":\"https:\/\/www.losencuentrosdepamplona.com\/#\/schema\/logo\/image\/\",\"url\":\"https:\/\/www.losencuentrosdepamplona.com\/wp-content\/uploads\/2024\/02\/encuentros__mid-dark.svg\",\"contentUrl\":\"https:\/\/www.losencuentrosdepamplona.com\/wp-content\/uploads\/2024\/02\/encuentros__mid-dark.svg\",\"width\":1103,\"height\":294,\"caption\":\"Encuentros de Pamplona \/ Iru\u00f1eko Topaketak\"},\"image\":{\"@id\":\"https:\/\/www.losencuentrosdepamplona.com\/#\/schema\/logo\/image\/\"},\"sameAs\":[\"https:\/\/www.facebook.com\/encuentrosdepamplona\/\",\"https:\/\/x.com\/encuentros2024\",\"https:\/\/www.instagram.com\/losencuentrosdepamplona\/?hl=es\"]}]}<\/script>\n<!-- \/ Yoast SEO plugin. -->","yoast_head_json":{"title":"OUR GALACTIC CAMP - Encuentros de Pamplona \/ Iru\u00f1eko Topaketak","robots":{"index":"index","follow":"follow","max-snippet":"max-snippet:-1","max-image-preview":"max-image-preview:large","max-video-preview":"max-video-preview:-1"},"canonical":"https:\/\/www.losencuentrosdepamplona.com\/escuela\/escuela-2\/el-futuro-es-primario-2\/","og_locale":"en_US","og_type":"article","og_title":"OUR GALACTIC CAMP - Encuentros de Pamplona \/ Iru\u00f1eko Topaketak","og_description":"AzkonaToloza Situated somewhere between the Mediterranean Sea, the Pyrenees and the Atacama Desert, Laida Azkona Go\u00f1i and Txalo Toloza-Fern\u00e1ndez are a couple of artists dedicated to creating living arts projects. Interested in the endless possibilities of poetry and visual anthropology, lo-fi video creativity, performance and movement, their latest creations focus on reinterpreting official history and&hellip;&nbsp;Read More &raquo;OUR GALACTIC CAMP","og_url":"https:\/\/www.losencuentrosdepamplona.com\/escuela\/escuela-2\/el-futuro-es-primario-2\/","og_site_name":"Encuentros de Pamplona \/ Iru\u00f1eko Topaketak","article_publisher":"https:\/\/www.facebook.com\/encuentrosdepamplona\/","article_modified_time":"2026-03-24T09:06:25+00:00","og_image":[{"width":800,"height":915,"url":"https:\/\/www.losencuentrosdepamplona.com\/wp-content\/uploads\/2024\/04\/Marina-LAMEIRO.jpg","type":"image\/jpeg"}],"twitter_card":"summary_large_image","twitter_site":"@encuentros2024","twitter_misc":{"Est. reading time":"3 minutes"},"schema":{"@context":"https:\/\/schema.org","@graph":[{"@type":"WebPage","@id":"https:\/\/www.losencuentrosdepamplona.com\/escuela\/escuela-2\/el-futuro-es-primario-2\/","url":"https:\/\/www.losencuentrosdepamplona.com\/escuela\/escuela-2\/el-futuro-es-primario-2\/","name":"OUR GALACTIC CAMP - Encuentros de Pamplona \/ Iru\u00f1eko Topaketak","isPartOf":{"@id":"https:\/\/www.losencuentrosdepamplona.com\/#website"},"primaryImageOfPage":{"@id":"https:\/\/www.losencuentrosdepamplona.com\/escuela\/escuela-2\/el-futuro-es-primario-2\/#primaryimage"},"image":{"@id":"https:\/\/www.losencuentrosdepamplona.com\/escuela\/escuela-2\/el-futuro-es-primario-2\/#primaryimage"},"thumbnailUrl":"https:\/\/www.losencuentrosdepamplona.com\/wp-content\/uploads\/2024\/04\/Marina-LAMEIRO.jpg","datePublished":"2026-01-20T22:11:36+00:00","dateModified":"2026-03-24T09:06:25+00:00","breadcrumb":{"@id":"https:\/\/www.losencuentrosdepamplona.com\/escuela\/escuela-2\/el-futuro-es-primario-2\/#breadcrumb"},"inLanguage":"en-US","potentialAction":[{"@type":"ReadAction","target":["https:\/\/www.losencuentrosdepamplona.com\/escuela\/escuela-2\/el-futuro-es-primario-2\/"]}]},{"@type":"ImageObject","inLanguage":"en-US","@id":"https:\/\/www.losencuentrosdepamplona.com\/escuela\/escuela-2\/el-futuro-es-primario-2\/#primaryimage","url":"https:\/\/www.losencuentrosdepamplona.com\/wp-content\/uploads\/2024\/04\/Marina-LAMEIRO.jpg","contentUrl":"https:\/\/www.losencuentrosdepamplona.com\/wp-content\/uploads\/2024\/04\/Marina-LAMEIRO.jpg","width":800,"height":915},{"@type":"BreadcrumbList","@id":"https:\/\/www.losencuentrosdepamplona.com\/escuela\/escuela-2\/el-futuro-es-primario-2\/#breadcrumb","itemListElement":[{"@type":"ListItem","position":1,"name":"Portada","item":"https:\/\/www.losencuentrosdepamplona.com\/en\/"},{"@type":"ListItem","position":2,"name":"School 26","item":"https:\/\/www.losencuentrosdepamplona.com\/eu\/escuela\/"},{"@type":"ListItem","position":3,"name":"The school","item":"https:\/\/www.losencuentrosdepamplona.com\/eu\/escuela\/eskola\/"},{"@type":"ListItem","position":4,"name":"OUR GALACTIC CAMP"}]},{"@type":"WebSite","@id":"https:\/\/www.losencuentrosdepamplona.com\/#website","url":"https:\/\/www.losencuentrosdepamplona.com\/","name":"Encuentros de Pamplona \/ Iru\u00f1eko Topaketak","description":"Bienal internacional de cultura, arte y pensamiento","publisher":{"@id":"https:\/\/www.losencuentrosdepamplona.com\/#organization"},"potentialAction":[{"@type":"SearchAction","target":{"@type":"EntryPoint","urlTemplate":"https:\/\/www.losencuentrosdepamplona.com\/?s={search_term_string}"},"query-input":{"@type":"PropertyValueSpecification","valueRequired":true,"valueName":"search_term_string"}}],"inLanguage":"en-US"},{"@type":"Organization","@id":"https:\/\/www.losencuentrosdepamplona.com\/#organization","name":"Encuentros de Pamplona \/ Iru\u00f1eko Topaketak","url":"https:\/\/www.losencuentrosdepamplona.com\/","logo":{"@type":"ImageObject","inLanguage":"en-US","@id":"https:\/\/www.losencuentrosdepamplona.com\/#\/schema\/logo\/image\/","url":"https:\/\/www.losencuentrosdepamplona.com\/wp-content\/uploads\/2024\/02\/encuentros__mid-dark.svg","contentUrl":"https:\/\/www.losencuentrosdepamplona.com\/wp-content\/uploads\/2024\/02\/encuentros__mid-dark.svg","width":1103,"height":294,"caption":"Encuentros de Pamplona \/ Iru\u00f1eko Topaketak"},"image":{"@id":"https:\/\/www.losencuentrosdepamplona.com\/#\/schema\/logo\/image\/"},"sameAs":["https:\/\/www.facebook.com\/encuentrosdepamplona\/","https:\/\/x.com\/encuentros2024","https:\/\/www.instagram.com\/losencuentrosdepamplona\/?hl=es"]}]}},"uagb_featured_image_src":{"full":["https:\/\/www.losencuentrosdepamplona.com\/wp-content\/uploads\/2024\/04\/Marina-LAMEIRO.jpg",800,915,false],"thumbnail":["https:\/\/www.losencuentrosdepamplona.com\/wp-content\/uploads\/2024\/04\/Marina-LAMEIRO-150x150.jpg",150,150,true],"medium":["https:\/\/www.losencuentrosdepamplona.com\/wp-content\/uploads\/2024\/04\/Marina-LAMEIRO-262x300.jpg",262,300,true],"medium_large":["https:\/\/www.losencuentrosdepamplona.com\/wp-content\/uploads\/2024\/04\/Marina-LAMEIRO-768x878.jpg",768,878,true],"large":["https:\/\/www.losencuentrosdepamplona.com\/wp-content\/uploads\/2024\/04\/Marina-LAMEIRO.jpg",800,915,false],"thumblist":["https:\/\/www.losencuentrosdepamplona.com\/wp-content\/uploads\/2024\/04\/Marina-LAMEIRO.jpg",262,300,false],"thumbrelated":["https:\/\/www.losencuentrosdepamplona.com\/wp-content\/uploads\/2024\/04\/Marina-LAMEIRO.jpg",437,500,false],"meccarouselthumb":["https:\/\/www.losencuentrosdepamplona.com\/wp-content\/uploads\/2024\/04\/Marina-LAMEIRO.jpg",283,324,false],"gridsquare":["https:\/\/www.losencuentrosdepamplona.com\/wp-content\/uploads\/2024\/04\/Marina-LAMEIRO.jpg",227,260,false],"tileview":["https:\/\/www.losencuentrosdepamplona.com\/wp-content\/uploads\/2024\/04\/Marina-LAMEIRO.jpg",300,343,false],"1536x1536":["https:\/\/www.losencuentrosdepamplona.com\/wp-content\/uploads\/2024\/04\/Marina-LAMEIRO.jpg",800,915,false],"2048x2048":["https:\/\/www.losencuentrosdepamplona.com\/wp-content\/uploads\/2024\/04\/Marina-LAMEIRO.jpg",800,915,false],"neve-blog":["https:\/\/www.losencuentrosdepamplona.com\/wp-content\/uploads\/2024\/04\/Marina-LAMEIRO-800x620.jpg",800,620,true]},"uagb_author_info":{"display_name":"fran","author_link":"https:\/\/www.losencuentrosdepamplona.com\/en\/author\/fran\/"},"uagb_comment_info":0,"uagb_excerpt":"AzkonaToloza Situated somewhere between the Mediterranean Sea, the Pyrenees and the Atacama Desert, Laida Azkona Go\u00f1i and Txalo Toloza-Fern\u00e1ndez are a couple of artists dedicated to creating living arts projects. Interested in the endless possibilities of poetry and visual anthropology, lo-fi video creativity, performance and movement, their latest creations focus on reinterpreting official history and&hellip;&nbsp;Read&hellip;","_links":{"self":[{"href":"https:\/\/www.losencuentrosdepamplona.com\/en\/wp-json\/wp\/v2\/pages\/13772","targetHints":{"allow":["GET"]}}],"collection":[{"href":"https:\/\/www.losencuentrosdepamplona.com\/en\/wp-json\/wp\/v2\/pages"}],"about":[{"href":"https:\/\/www.losencuentrosdepamplona.com\/en\/wp-json\/wp\/v2\/types\/page"}],"author":[{"embeddable":true,"href":"https:\/\/www.losencuentrosdepamplona.com\/en\/wp-json\/wp\/v2\/users\/5"}],"replies":[{"embeddable":true,"href":"https:\/\/www.losencuentrosdepamplona.com\/en\/wp-json\/wp\/v2\/comments?post=13772"}],"version-history":[{"count":15,"href":"https:\/\/www.losencuentrosdepamplona.com\/en\/wp-json\/wp\/v2\/pages\/13772\/revisions"}],"predecessor-version":[{"id":14867,"href":"https:\/\/www.losencuentrosdepamplona.com\/en\/wp-json\/wp\/v2\/pages\/13772\/revisions\/14867"}],"up":[{"embeddable":true,"href":"https:\/\/www.losencuentrosdepamplona.com\/en\/wp-json\/wp\/v2\/pages\/14123"}],"wp:featuredmedia":[{"embeddable":true,"href":"https:\/\/www.losencuentrosdepamplona.com\/en\/wp-json\/wp\/v2\/media\/2445"}],"wp:attachment":[{"href":"https:\/\/www.losencuentrosdepamplona.com\/en\/wp-json\/wp\/v2\/media?parent=13772"}],"curies":[{"name":"wp","href":"https:\/\/api.w.org\/{rel}","templated":true}]}}