{"id":14351,"date":"2026-02-05T10:46:22","date_gmt":"2026-02-05T09:46:22","guid":{"rendered":"https:\/\/www.losencuentrosdepamplona.com\/?page_id=14351"},"modified":"2026-03-24T10:03:42","modified_gmt":"2026-03-24T09:03:42","slug":"invisible-forces","status":"publish","type":"page","link":"https:\/\/www.losencuentrosdepamplona.com\/en\/escuela\/the-school\/invisible-forces\/","title":{"rendered":"INVISIBLE FORCES"},"content":{"rendered":"\t\t<div data-elementor-type=\"wp-page\" data-elementor-id=\"14351\" class=\"elementor elementor-14351 elementor-13471\" data-elementor-post-type=\"page\">\n\t\t\t\t<div class=\"elementor-element elementor-element-ab8477a e-flex e-con-boxed e-con e-parent\" data-id=\"ab8477a\" data-element_type=\"container\">\n\t\t\t\t\t<div class=\"e-con-inner\">\n\t\t<div data-dce-background-color=\"#E0E0E0\" class=\"elementor-element elementor-element-aaf5b06 e-con-full e-flex e-con e-child\" data-id=\"aaf5b06\" data-element_type=\"container\" data-settings=\"{&quot;background_background&quot;:&quot;classic&quot;,&quot;sticky&quot;:&quot;top&quot;,&quot;sticky_on&quot;:[&quot;desktop&quot;,&quot;tablet&quot;],&quot;sticky_offset&quot;:120,&quot;sticky_parent&quot;:&quot;yes&quot;,&quot;sticky_offset_mobile&quot;:0,&quot;sticky_effects_offset&quot;:0}\">\n\t\t\t\t<div class=\"elementor-element elementor-element-f70e99c dce_masking-none elementor-widget elementor-widget-image\" data-id=\"f70e99c\" data-element_type=\"widget\" data-widget_type=\"image.default\">\n\t\t\t\t<div class=\"elementor-widget-container\">\n\t\t\t\t\t\t\t\t\t\t\t\t\t<img fetchpriority=\"high\" decoding=\"async\" width=\"684\" height=\"1024\" src=\"https:\/\/www.losencuentrosdepamplona.com\/wp-content\/uploads\/2026\/01\/Mirari-Echavarri-684x1024.jpg\" class=\"attachment-large size-large wp-image-13394\" alt=\"\" srcset=\"https:\/\/www.losencuentrosdepamplona.com\/wp-content\/uploads\/2026\/01\/Mirari-Echavarri-684x1024.jpg 684w, https:\/\/www.losencuentrosdepamplona.com\/wp-content\/uploads\/2026\/01\/Mirari-Echavarri-200x300.jpg 200w, https:\/\/www.losencuentrosdepamplona.com\/wp-content\/uploads\/2026\/01\/Mirari-Echavarri-768x1150.jpg 768w, https:\/\/www.losencuentrosdepamplona.com\/wp-content\/uploads\/2026\/01\/Mirari-Echavarri-1025x1536.jpg 1025w, https:\/\/www.losencuentrosdepamplona.com\/wp-content\/uploads\/2026\/01\/Mirari-Echavarri-1367x2048.jpg 1367w, https:\/\/www.losencuentrosdepamplona.com\/wp-content\/uploads\/2026\/01\/Mirari-Echavarri-scaled.jpg 1709w\" sizes=\"(max-width: 684px) 100vw, 684px\" \/>\t\t\t\t\t\t\t\t\t\t\t\t\t<\/div>\n\t\t\t\t<\/div>\n\t\t\t\t<div class=\"elementor-element elementor-element-e1f538a elementor-widget elementor-widget-heading\" data-id=\"e1f538a\" data-element_type=\"widget\" data-widget_type=\"heading.default\">\n\t\t\t\t<div class=\"elementor-widget-container\">\n\t\t\t<h2 class=\"elementor-heading-title elementor-size-default\">Mirari Ech\u00e1varri<\/h2>\t\t<\/div>\n\t\t\t\t<\/div>\n\t\t\t\t<div class=\"elementor-element elementor-element-b46f2cb elementor-widget elementor-widget-text-editor\" data-id=\"b46f2cb\" data-element_type=\"widget\" data-widget_type=\"text-editor.default\">\n\t\t\t\t<div class=\"elementor-widget-container\">\n\t\t\t\t\t\t\t<p><span style=\"font-weight: 400;\">Mirari Ech\u00e1varri (Iru\u00f1ea) is an artist and teacher. A graduate in Fine Arts from the UPV-EHU, with one master&#8217;s degree in Teacher Training from the University of Barcelona and another in Gender and Cultural Studies from Goldsmiths, University of London. In recent years she has worked with archive images and autobiographical material, and in partnership with other artists. Her work has been exhibited at Artium Museoa (Vitoria-Gasteiz), Tabakalera (Donostia), Didalica (Barcelona), among others, as well as at film festivals including Porto\/Post\/Doc, International Short Film Festival Oberhausen, Festival en Ville and Punto de Vista. She is currently a doctoral student and lecturer in visual expression at the Public University of Navarre.<\/span><\/p>\t\t\t\t\t\t<\/div>\n\t\t\t\t<\/div>\n\t\t\t\t<\/div>\n\t\t<div class=\"elementor-element elementor-element-9b331ff e-con-full e-flex e-con e-child\" data-id=\"9b331ff\" data-element_type=\"container\">\n\t\t\t\t<div class=\"elementor-element elementor-element-eeb5b27 elementor-widget elementor-widget-heading\" data-id=\"eeb5b27\" data-element_type=\"widget\" data-widget_type=\"heading.default\">\n\t\t\t\t<div class=\"elementor-widget-container\">\n\t\t\t<h2 class=\"elementor-heading-title elementor-size-default\">INVISIBLE FORCES<\/h2>\t\t<\/div>\n\t\t\t\t<\/div>\n\t\t\t\t<div class=\"elementor-element elementor-element-fe29f02 elementor-widget elementor-widget-text-editor\" data-id=\"fe29f02\" data-element_type=\"widget\" data-widget_type=\"text-editor.default\">\n\t\t\t\t<div class=\"elementor-widget-container\">\n\t\t\t\t\t\t\t<p><span style=\"font-weight: 400;\">Although we cannot see it, all elements of the universe are linked by different forces, from the biggest to the smallest. By experimenting with the movement of our body, with light and with artistic resources we can play with all these forces, to care for and illuminate this invisible thread that unites us. This workshop is part of the Encuentros pathway on &#8220;Paths to a different way of doing things&#8221;.<\/span><\/p>\t\t\t\t\t\t<\/div>\n\t\t\t\t<\/div>\n\t\t\t\t<div data-dce-advanced-background-image-url=\"https:\/\/www.losencuentrosdepamplona.com\/wp-content\/uploads\/2026\/01\/NOVA-001-scaled.jpg\" class=\"elementor-element elementor-element-99986c3 elementor-widget elementor-widget-heading\" data-id=\"99986c3\" data-element_type=\"widget\" data-widget_type=\"heading.default\">\n\t\t\t\t<div class=\"elementor-widget-container\">\n\t\t\t<h2 class=\"elementor-heading-title elementor-size-default\">SCHOOL CENTERS<\/h2>\t\t<\/div>\n\t\t\t\t<\/div>\n\t\t<div class=\"elementor-element elementor-element-e02c3cb e-con-full e-flex e-con e-child\" data-id=\"e02c3cb\" data-element_type=\"container\">\n\t\t<div data-dce-background-color=\"#E0E0E0\" class=\"elementor-element elementor-element-92e1ad6 e-con-full e-flex e-con e-child\" data-id=\"92e1ad6\" data-element_type=\"container\" data-settings=\"{&quot;background_background&quot;:&quot;classic&quot;}\">\n\t\t\t\t<div class=\"elementor-element elementor-element-bf73d2b elementor-widget elementor-widget-heading\" data-id=\"bf73d2b\" data-element_type=\"widget\" data-widget_type=\"heading.default\">\n\t\t\t\t<div class=\"elementor-widget-container\">\n\t\t\t<h3 class=\"elementor-heading-title elementor-size-default\">CP Gloria Larrainzar IP ZUBIRI<\/h3>\t\t<\/div>\n\t\t\t\t<\/div>\n\t\t\t\t<\/div>\n\t\t\t\t<\/div>\n\t\t\t\t<\/div>\n\t\t\t\t\t<\/div>\n\t\t\t\t<\/div>\n\t\t\t\t<\/div>\n\t\t","protected":false},"excerpt":{"rendered":"<p>Mirari Ech\u00e1varri Mirari Ech\u00e1varri (Iru\u00f1ea) is an artist and teacher. A graduate in Fine Arts from the UPV-EHU, with one master&#8217;s degree in Teacher Training from the University of Barcelona and another in Gender and Cultural Studies from Goldsmiths, University of London. In recent years she has worked with archive images and autobiographical material, and&hellip;&nbsp;<a href=\"https:\/\/www.losencuentrosdepamplona.com\/en\/escuela\/the-school\/invisible-forces\/\" rel=\"bookmark\">Read More &raquo;<span class=\"screen-reader-text\">INVISIBLE FORCES<\/span><\/a><\/p>\n","protected":false},"author":5,"featured_media":2445,"parent":14123,"menu_order":0,"comment_status":"closed","ping_status":"closed","template":"page-templates\/template-pagebuilder-full-width.php","meta":{"_acf_changed":false,"_uag_custom_page_level_css":"","_monsterinsights_skip_tracking":false,"_monsterinsights_sitenote_active":false,"_monsterinsights_sitenote_note":"","_monsterinsights_sitenote_category":0,"neve_meta_sidebar":"","neve_meta_container":"","neve_meta_enable_content_width":"","neve_meta_content_width":0,"neve_meta_title_alignment":"","neve_meta_author_avatar":"","neve_post_elements_order":"","neve_meta_disable_header":"","neve_meta_disable_footer":"","neve_meta_disable_title":"","neve_meta_reading_time":"","footnotes":""},"class_list":["post-14351","page","type-page","status-publish","has-post-thumbnail","hentry"],"acf":[],"yoast_head":"<!-- This site is optimized with the Yoast SEO plugin v23.5 - https:\/\/yoast.com\/wordpress\/plugins\/seo\/ -->\n<title>INVISIBLE FORCES - Encuentros de Pamplona \/ Iru\u00f1eko Topaketak<\/title>\n<meta name=\"robots\" content=\"index, follow, max-snippet:-1, max-image-preview:large, max-video-preview:-1\" \/>\n<link rel=\"canonical\" href=\"https:\/\/www.losencuentrosdepamplona.com\/escuela\/escuela-2\/el-futuro-es-primario-5\/\" \/>\n<meta property=\"og:locale\" content=\"en_US\" \/>\n<meta property=\"og:type\" content=\"article\" \/>\n<meta property=\"og:title\" content=\"INVISIBLE FORCES - Encuentros de Pamplona \/ Iru\u00f1eko Topaketak\" \/>\n<meta property=\"og:description\" content=\"Mirari Ech\u00e1varri Mirari Ech\u00e1varri (Iru\u00f1ea) is an artist and teacher. A graduate in Fine Arts from the UPV-EHU, with one master&#8217;s degree in Teacher Training from the University of Barcelona and another in Gender and Cultural Studies from Goldsmiths, University of London. In recent years she has worked with archive images and autobiographical material, and&hellip;&nbsp;Read More &raquo;INVISIBLE FORCES\" \/>\n<meta property=\"og:url\" content=\"https:\/\/www.losencuentrosdepamplona.com\/escuela\/escuela-2\/el-futuro-es-primario-5\/\" \/>\n<meta property=\"og:site_name\" content=\"Encuentros de Pamplona \/ Iru\u00f1eko Topaketak\" \/>\n<meta property=\"article:publisher\" content=\"https:\/\/www.facebook.com\/encuentrosdepamplona\/\" \/>\n<meta property=\"article:modified_time\" content=\"2026-03-24T09:03:42+00:00\" \/>\n<meta property=\"og:image\" content=\"https:\/\/www.losencuentrosdepamplona.com\/wp-content\/uploads\/2024\/04\/Marina-LAMEIRO.jpg\" \/>\n\t<meta property=\"og:image:width\" content=\"800\" \/>\n\t<meta property=\"og:image:height\" content=\"915\" \/>\n\t<meta property=\"og:image:type\" content=\"image\/jpeg\" \/>\n<meta name=\"twitter:card\" content=\"summary_large_image\" \/>\n<meta name=\"twitter:site\" content=\"@encuentros2024\" \/>\n<meta name=\"twitter:label1\" content=\"Est. reading time\" \/>\n\t<meta name=\"twitter:data1\" content=\"2 minutes\" \/>\n<script type=\"application\/ld+json\" class=\"yoast-schema-graph\">{\"@context\":\"https:\/\/schema.org\",\"@graph\":[{\"@type\":\"WebPage\",\"@id\":\"https:\/\/www.losencuentrosdepamplona.com\/escuela\/escuela-2\/el-futuro-es-primario-5\/\",\"url\":\"https:\/\/www.losencuentrosdepamplona.com\/escuela\/escuela-2\/el-futuro-es-primario-5\/\",\"name\":\"INVISIBLE FORCES - Encuentros de Pamplona \/ Iru\u00f1eko Topaketak\",\"isPartOf\":{\"@id\":\"https:\/\/www.losencuentrosdepamplona.com\/#website\"},\"primaryImageOfPage\":{\"@id\":\"https:\/\/www.losencuentrosdepamplona.com\/escuela\/escuela-2\/el-futuro-es-primario-5\/#primaryimage\"},\"image\":{\"@id\":\"https:\/\/www.losencuentrosdepamplona.com\/escuela\/escuela-2\/el-futuro-es-primario-5\/#primaryimage\"},\"thumbnailUrl\":\"https:\/\/www.losencuentrosdepamplona.com\/wp-content\/uploads\/2024\/04\/Marina-LAMEIRO.jpg\",\"datePublished\":\"2026-02-05T09:46:22+00:00\",\"dateModified\":\"2026-03-24T09:03:42+00:00\",\"breadcrumb\":{\"@id\":\"https:\/\/www.losencuentrosdepamplona.com\/escuela\/escuela-2\/el-futuro-es-primario-5\/#breadcrumb\"},\"inLanguage\":\"en-US\",\"potentialAction\":[{\"@type\":\"ReadAction\",\"target\":[\"https:\/\/www.losencuentrosdepamplona.com\/escuela\/escuela-2\/el-futuro-es-primario-5\/\"]}]},{\"@type\":\"ImageObject\",\"inLanguage\":\"en-US\",\"@id\":\"https:\/\/www.losencuentrosdepamplona.com\/escuela\/escuela-2\/el-futuro-es-primario-5\/#primaryimage\",\"url\":\"https:\/\/www.losencuentrosdepamplona.com\/wp-content\/uploads\/2024\/04\/Marina-LAMEIRO.jpg\",\"contentUrl\":\"https:\/\/www.losencuentrosdepamplona.com\/wp-content\/uploads\/2024\/04\/Marina-LAMEIRO.jpg\",\"width\":800,\"height\":915},{\"@type\":\"BreadcrumbList\",\"@id\":\"https:\/\/www.losencuentrosdepamplona.com\/escuela\/escuela-2\/el-futuro-es-primario-5\/#breadcrumb\",\"itemListElement\":[{\"@type\":\"ListItem\",\"position\":1,\"name\":\"Portada\",\"item\":\"https:\/\/www.losencuentrosdepamplona.com\/en\/\"},{\"@type\":\"ListItem\",\"position\":2,\"name\":\"School 26\",\"item\":\"https:\/\/www.losencuentrosdepamplona.com\/eu\/escuela\/\"},{\"@type\":\"ListItem\",\"position\":3,\"name\":\"The school\",\"item\":\"https:\/\/www.losencuentrosdepamplona.com\/eu\/escuela\/eskola\/\"},{\"@type\":\"ListItem\",\"position\":4,\"name\":\"INVISIBLE FORCES\"}]},{\"@type\":\"WebSite\",\"@id\":\"https:\/\/www.losencuentrosdepamplona.com\/#website\",\"url\":\"https:\/\/www.losencuentrosdepamplona.com\/\",\"name\":\"Encuentros de Pamplona \/ Iru\u00f1eko Topaketak\",\"description\":\"Bienal internacional de cultura, arte y pensamiento\",\"publisher\":{\"@id\":\"https:\/\/www.losencuentrosdepamplona.com\/#organization\"},\"potentialAction\":[{\"@type\":\"SearchAction\",\"target\":{\"@type\":\"EntryPoint\",\"urlTemplate\":\"https:\/\/www.losencuentrosdepamplona.com\/?s={search_term_string}\"},\"query-input\":{\"@type\":\"PropertyValueSpecification\",\"valueRequired\":true,\"valueName\":\"search_term_string\"}}],\"inLanguage\":\"en-US\"},{\"@type\":\"Organization\",\"@id\":\"https:\/\/www.losencuentrosdepamplona.com\/#organization\",\"name\":\"Encuentros de Pamplona \/ Iru\u00f1eko Topaketak\",\"url\":\"https:\/\/www.losencuentrosdepamplona.com\/\",\"logo\":{\"@type\":\"ImageObject\",\"inLanguage\":\"en-US\",\"@id\":\"https:\/\/www.losencuentrosdepamplona.com\/#\/schema\/logo\/image\/\",\"url\":\"https:\/\/www.losencuentrosdepamplona.com\/wp-content\/uploads\/2024\/02\/encuentros__mid-dark.svg\",\"contentUrl\":\"https:\/\/www.losencuentrosdepamplona.com\/wp-content\/uploads\/2024\/02\/encuentros__mid-dark.svg\",\"width\":1103,\"height\":294,\"caption\":\"Encuentros de Pamplona \/ Iru\u00f1eko Topaketak\"},\"image\":{\"@id\":\"https:\/\/www.losencuentrosdepamplona.com\/#\/schema\/logo\/image\/\"},\"sameAs\":[\"https:\/\/www.facebook.com\/encuentrosdepamplona\/\",\"https:\/\/x.com\/encuentros2024\",\"https:\/\/www.instagram.com\/losencuentrosdepamplona\/?hl=es\"]}]}<\/script>\n<!-- \/ Yoast SEO plugin. -->","yoast_head_json":{"title":"INVISIBLE FORCES - Encuentros de Pamplona \/ Iru\u00f1eko Topaketak","robots":{"index":"index","follow":"follow","max-snippet":"max-snippet:-1","max-image-preview":"max-image-preview:large","max-video-preview":"max-video-preview:-1"},"canonical":"https:\/\/www.losencuentrosdepamplona.com\/escuela\/escuela-2\/el-futuro-es-primario-5\/","og_locale":"en_US","og_type":"article","og_title":"INVISIBLE FORCES - Encuentros de Pamplona \/ Iru\u00f1eko Topaketak","og_description":"Mirari Ech\u00e1varri Mirari Ech\u00e1varri (Iru\u00f1ea) is an artist and teacher. A graduate in Fine Arts from the UPV-EHU, with one master&#8217;s degree in Teacher Training from the University of Barcelona and another in Gender and Cultural Studies from Goldsmiths, University of London. In recent years she has worked with archive images and autobiographical material, and&hellip;&nbsp;Read More &raquo;INVISIBLE FORCES","og_url":"https:\/\/www.losencuentrosdepamplona.com\/escuela\/escuela-2\/el-futuro-es-primario-5\/","og_site_name":"Encuentros de Pamplona \/ Iru\u00f1eko Topaketak","article_publisher":"https:\/\/www.facebook.com\/encuentrosdepamplona\/","article_modified_time":"2026-03-24T09:03:42+00:00","og_image":[{"width":800,"height":915,"url":"https:\/\/www.losencuentrosdepamplona.com\/wp-content\/uploads\/2024\/04\/Marina-LAMEIRO.jpg","type":"image\/jpeg"}],"twitter_card":"summary_large_image","twitter_site":"@encuentros2024","twitter_misc":{"Est. reading time":"2 minutes"},"schema":{"@context":"https:\/\/schema.org","@graph":[{"@type":"WebPage","@id":"https:\/\/www.losencuentrosdepamplona.com\/escuela\/escuela-2\/el-futuro-es-primario-5\/","url":"https:\/\/www.losencuentrosdepamplona.com\/escuela\/escuela-2\/el-futuro-es-primario-5\/","name":"INVISIBLE FORCES - Encuentros de Pamplona \/ Iru\u00f1eko Topaketak","isPartOf":{"@id":"https:\/\/www.losencuentrosdepamplona.com\/#website"},"primaryImageOfPage":{"@id":"https:\/\/www.losencuentrosdepamplona.com\/escuela\/escuela-2\/el-futuro-es-primario-5\/#primaryimage"},"image":{"@id":"https:\/\/www.losencuentrosdepamplona.com\/escuela\/escuela-2\/el-futuro-es-primario-5\/#primaryimage"},"thumbnailUrl":"https:\/\/www.losencuentrosdepamplona.com\/wp-content\/uploads\/2024\/04\/Marina-LAMEIRO.jpg","datePublished":"2026-02-05T09:46:22+00:00","dateModified":"2026-03-24T09:03:42+00:00","breadcrumb":{"@id":"https:\/\/www.losencuentrosdepamplona.com\/escuela\/escuela-2\/el-futuro-es-primario-5\/#breadcrumb"},"inLanguage":"en-US","potentialAction":[{"@type":"ReadAction","target":["https:\/\/www.losencuentrosdepamplona.com\/escuela\/escuela-2\/el-futuro-es-primario-5\/"]}]},{"@type":"ImageObject","inLanguage":"en-US","@id":"https:\/\/www.losencuentrosdepamplona.com\/escuela\/escuela-2\/el-futuro-es-primario-5\/#primaryimage","url":"https:\/\/www.losencuentrosdepamplona.com\/wp-content\/uploads\/2024\/04\/Marina-LAMEIRO.jpg","contentUrl":"https:\/\/www.losencuentrosdepamplona.com\/wp-content\/uploads\/2024\/04\/Marina-LAMEIRO.jpg","width":800,"height":915},{"@type":"BreadcrumbList","@id":"https:\/\/www.losencuentrosdepamplona.com\/escuela\/escuela-2\/el-futuro-es-primario-5\/#breadcrumb","itemListElement":[{"@type":"ListItem","position":1,"name":"Portada","item":"https:\/\/www.losencuentrosdepamplona.com\/en\/"},{"@type":"ListItem","position":2,"name":"School 26","item":"https:\/\/www.losencuentrosdepamplona.com\/eu\/escuela\/"},{"@type":"ListItem","position":3,"name":"The school","item":"https:\/\/www.losencuentrosdepamplona.com\/eu\/escuela\/eskola\/"},{"@type":"ListItem","position":4,"name":"INVISIBLE FORCES"}]},{"@type":"WebSite","@id":"https:\/\/www.losencuentrosdepamplona.com\/#website","url":"https:\/\/www.losencuentrosdepamplona.com\/","name":"Encuentros de Pamplona \/ Iru\u00f1eko Topaketak","description":"Bienal internacional de cultura, arte y pensamiento","publisher":{"@id":"https:\/\/www.losencuentrosdepamplona.com\/#organization"},"potentialAction":[{"@type":"SearchAction","target":{"@type":"EntryPoint","urlTemplate":"https:\/\/www.losencuentrosdepamplona.com\/?s={search_term_string}"},"query-input":{"@type":"PropertyValueSpecification","valueRequired":true,"valueName":"search_term_string"}}],"inLanguage":"en-US"},{"@type":"Organization","@id":"https:\/\/www.losencuentrosdepamplona.com\/#organization","name":"Encuentros de Pamplona \/ Iru\u00f1eko Topaketak","url":"https:\/\/www.losencuentrosdepamplona.com\/","logo":{"@type":"ImageObject","inLanguage":"en-US","@id":"https:\/\/www.losencuentrosdepamplona.com\/#\/schema\/logo\/image\/","url":"https:\/\/www.losencuentrosdepamplona.com\/wp-content\/uploads\/2024\/02\/encuentros__mid-dark.svg","contentUrl":"https:\/\/www.losencuentrosdepamplona.com\/wp-content\/uploads\/2024\/02\/encuentros__mid-dark.svg","width":1103,"height":294,"caption":"Encuentros de Pamplona \/ Iru\u00f1eko Topaketak"},"image":{"@id":"https:\/\/www.losencuentrosdepamplona.com\/#\/schema\/logo\/image\/"},"sameAs":["https:\/\/www.facebook.com\/encuentrosdepamplona\/","https:\/\/x.com\/encuentros2024","https:\/\/www.instagram.com\/losencuentrosdepamplona\/?hl=es"]}]}},"uagb_featured_image_src":{"full":["https:\/\/www.losencuentrosdepamplona.com\/wp-content\/uploads\/2024\/04\/Marina-LAMEIRO.jpg",800,915,false],"thumbnail":["https:\/\/www.losencuentrosdepamplona.com\/wp-content\/uploads\/2024\/04\/Marina-LAMEIRO-150x150.jpg",150,150,true],"medium":["https:\/\/www.losencuentrosdepamplona.com\/wp-content\/uploads\/2024\/04\/Marina-LAMEIRO-262x300.jpg",262,300,true],"medium_large":["https:\/\/www.losencuentrosdepamplona.com\/wp-content\/uploads\/2024\/04\/Marina-LAMEIRO-768x878.jpg",768,878,true],"large":["https:\/\/www.losencuentrosdepamplona.com\/wp-content\/uploads\/2024\/04\/Marina-LAMEIRO.jpg",800,915,false],"thumblist":["https:\/\/www.losencuentrosdepamplona.com\/wp-content\/uploads\/2024\/04\/Marina-LAMEIRO.jpg",262,300,false],"thumbrelated":["https:\/\/www.losencuentrosdepamplona.com\/wp-content\/uploads\/2024\/04\/Marina-LAMEIRO.jpg",437,500,false],"meccarouselthumb":["https:\/\/www.losencuentrosdepamplona.com\/wp-content\/uploads\/2024\/04\/Marina-LAMEIRO.jpg",283,324,false],"gridsquare":["https:\/\/www.losencuentrosdepamplona.com\/wp-content\/uploads\/2024\/04\/Marina-LAMEIRO.jpg",227,260,false],"tileview":["https:\/\/www.losencuentrosdepamplona.com\/wp-content\/uploads\/2024\/04\/Marina-LAMEIRO.jpg",300,343,false],"1536x1536":["https:\/\/www.losencuentrosdepamplona.com\/wp-content\/uploads\/2024\/04\/Marina-LAMEIRO.jpg",800,915,false],"2048x2048":["https:\/\/www.losencuentrosdepamplona.com\/wp-content\/uploads\/2024\/04\/Marina-LAMEIRO.jpg",800,915,false],"neve-blog":["https:\/\/www.losencuentrosdepamplona.com\/wp-content\/uploads\/2024\/04\/Marina-LAMEIRO-800x620.jpg",800,620,true]},"uagb_author_info":{"display_name":"fran","author_link":"https:\/\/www.losencuentrosdepamplona.com\/en\/author\/fran\/"},"uagb_comment_info":0,"uagb_excerpt":"Mirari Ech\u00e1varri Mirari Ech\u00e1varri (Iru\u00f1ea) is an artist and teacher. A graduate in Fine Arts from the UPV-EHU, with one master&#8217;s degree in Teacher Training from the University of Barcelona and another in Gender and Cultural Studies from Goldsmiths, University of London. In recent years she has worked with archive images and autobiographical material, and&hellip;&nbsp;Read&hellip;","_links":{"self":[{"href":"https:\/\/www.losencuentrosdepamplona.com\/en\/wp-json\/wp\/v2\/pages\/14351","targetHints":{"allow":["GET"]}}],"collection":[{"href":"https:\/\/www.losencuentrosdepamplona.com\/en\/wp-json\/wp\/v2\/pages"}],"about":[{"href":"https:\/\/www.losencuentrosdepamplona.com\/en\/wp-json\/wp\/v2\/types\/page"}],"author":[{"embeddable":true,"href":"https:\/\/www.losencuentrosdepamplona.com\/en\/wp-json\/wp\/v2\/users\/5"}],"replies":[{"embeddable":true,"href":"https:\/\/www.losencuentrosdepamplona.com\/en\/wp-json\/wp\/v2\/comments?post=14351"}],"version-history":[{"count":6,"href":"https:\/\/www.losencuentrosdepamplona.com\/en\/wp-json\/wp\/v2\/pages\/14351\/revisions"}],"predecessor-version":[{"id":14849,"href":"https:\/\/www.losencuentrosdepamplona.com\/en\/wp-json\/wp\/v2\/pages\/14351\/revisions\/14849"}],"up":[{"embeddable":true,"href":"https:\/\/www.losencuentrosdepamplona.com\/en\/wp-json\/wp\/v2\/pages\/14123"}],"wp:featuredmedia":[{"embeddable":true,"href":"https:\/\/www.losencuentrosdepamplona.com\/en\/wp-json\/wp\/v2\/media\/2445"}],"wp:attachment":[{"href":"https:\/\/www.losencuentrosdepamplona.com\/en\/wp-json\/wp\/v2\/media?parent=14351"}],"curies":[{"name":"wp","href":"https:\/\/api.w.org\/{rel}","templated":true}]}}