{"id":1437,"date":"2024-03-05T17:23:20","date_gmt":"2024-03-05T16:23:20","guid":{"rendered":"https:\/\/www.losencuentrosdepamplona.com\/cookies-policy\/"},"modified":"2024-03-06T14:04:53","modified_gmt":"2024-03-06T13:04:53","slug":"cookies-policy","status":"publish","type":"page","link":"https:\/\/www.losencuentrosdepamplona.com\/en\/cookies-policy\/","title":{"rendered":"Cookies policy"},"content":{"rendered":"\n<p>A trav\u00e9s de esta pol\u00edtica, FUNDACI\u00d3N BALUARTE, como responsable del dominio www.fundacionbaluarte.com ofrecemos al usuario de la p\u00e1gina informaci\u00f3n acerca del tratamiento de sus datos que realizamos a trav\u00e9s del uso de \u201ccookies\u201d y\/o tecnolog\u00edas similares.<\/p>\n\n<p><strong>\u00bfQu\u00e9 es una Cookie?<\/strong><\/p>\n\n<p>Este sitio web utiliza cookies y\/o tecnolog\u00edas similares que almacenan y recuperan informaci\u00f3n cuando navegas. En general, estas tecnolog\u00edas pueden servir para finalidades muy diversas, como, por ejemplo, reconocerte como usuario, obtener informaci\u00f3n sobre tus h\u00e1bitos de navegaci\u00f3n, o personalizar la forma en que se muestra el contenido. Los usos concretos que hacemos de estas tecnolog\u00edas se describen a continuaci\u00f3n.<\/p>\n\n<p><strong>\u00bfQu\u00e9 tipos de cookies utilizamos?<\/strong><\/p>\n\n<p>En este sitio se utilizan los siguientes tipos de cookies:<\/p>\n\n<ul class=\"wp-block-list\">\n<li>Por propietario:\n<ul class=\"wp-block-list\">\n<li>Cookies Propias: son aquellas que se env\u00edan al equipo terminal del usuario desde un equipo o dominio gestionado por el propio editor y desde el que se presta el servicio solicitado por el usuario.<\/li>\n\n\n\n<li>Cookies de Terceros: son aquellas que se env\u00edan al equipo terminal del usuario desde un equipo o dominio que no es gestionado por el editor, sino por otra entidad que trata los datos obtenidos trav\u00e9s de las cookies.<\/li>\n<\/ul>\n<\/li>\n\n\n\n<li>Por finalidad:\n<ul class=\"wp-block-list\">\n<li>Cookies T\u00e9cnicas: son aquellas que permiten al usuario la navegaci\u00f3n a trav\u00e9s de una p\u00e1gina web, plataforma o aplicaci\u00f3n y la utilizaci\u00f3n de las diferentes opciones o servicios que en ella existan, incluyendo aquellas que el editor utiliza para permitir la gesti\u00f3n y operativa de la p\u00e1gina web y habilitar sus funciones y servicios.<\/li>\n\n\n\n<li>Cookies Anal\u00edticas: son aquellas que permiten al responsable de las mismas el seguimiento y an\u00e1lisis del comportamiento de los usuarios de los sitios web a los que est\u00e1n vinculadas, incluida la cuantificaci\u00f3n de los impactos de los anuncios. La informaci\u00f3n recogida mediante este tipo de cookies se utiliza en la medici\u00f3n de la actividad de los sitios web, aplicaci\u00f3n o plataforma, con el fin de introducir mejoras en funci\u00f3n del an\u00e1lisis de los datos de uso que hacen los usuarios del servicio.<\/li>\n\n\n\n<li>Cookies publicitarias: son aquellas que almacenan informaci\u00f3n del comportamiento de los usuarios obtenida a trav\u00e9s de la observaci\u00f3n continuada de sus h\u00e1bitos de navegaci\u00f3n, lo que permite desarrollar un perfil espec\u00edfico para mostrar publicidad en funci\u00f3n del mismo.<\/li>\n\n\n\n<li>Cookies de personalizaci\u00f3n: son aquellas que permiten recordar informaci\u00f3n para que el usuario acceda al servicio con determinadas caracter\u00edsticas que pueden diferenciar su experiencia de la de otros usuarios, como, por ejemplo, el idioma.<\/li>\n<\/ul>\n<\/li>\n\n\n\n<li>Por el tiempo que permanecen activas:\n<ul class=\"wp-block-list\">\n<li>Cookies de sesi\u00f3n: son aquellas dise\u00f1adas para recabar y almacenar datos mientras el usuario accede a una p\u00e1gina web. Se suelen emplear para almacenar informaci\u00f3n que solo interesa conservar para la prestaci\u00f3n del servicio solicitado por el usuario en una sola ocasi\u00f3n (por ejemplo, una lista de productos adquiridos) y desaparecen al terminar la sesi\u00f3n.<\/li>\n\n\n\n<li>Cookies persistentes: son aquellas en las que los datos siguen almacenados en el terminal y pueden ser accedidos y tratados durante un periodo definido por el responsable de la cookie, y que puede ir de unos minutos a varios a\u00f1os.<\/li>\n<\/ul>\n<\/li>\n<\/ul>\n\n<figure class=\"wp-block-table\"><table><tbody><tr><th>Nombre de la cookie<\/th><th>Tipo de Cookie<\/th><th>Finalidad<\/th><th>Entidad encargada<\/th><th>Tiempo de permanencia activada<\/th><\/tr><tr><td>cookielawinfo-checkbox-necessary<\/td><td>Necesaria<\/td><td>Determina si el visitante ha aceptado la casilla de con sentimiento de cookies necesarias.<\/td><td>fundacionbaluarte.com<\/td><td>1 a\u00f1o<\/td><\/tr><tr><td>cookielawinfo-checkbox-preferencias<\/td><td>Necesaria<\/td><td>Determina si el visitante ha aceptado la casilla de con sentimiento de cookies de preferencias.<\/td><td>fundacionbaluarte.com<\/td><td>1 a\u00f1o<\/td><\/tr><tr><td>cookielawinfo-checkbox-estadisticas<\/td><td>Necesaria<\/td><td>Determina si el visitante ha aceptado la casilla de con sentimiento de cookies estad\u00edsticas.<\/td><td>fundacionbaluarte.com<\/td><td>1 a\u00f1o<\/td><\/tr><tr><td>cookielawinfo-checkbox-marketing<\/td><td>Necesaria<\/td><td>Determina si el visitante ha aceptado la casilla de con sentimiento de cookies de marketing.<\/td><td>fundacionbaluarte.com<\/td><td>1 a\u00f1o<\/td><\/tr><tr><td>_ga<\/td><td>Estad\u00edstica<\/td><td>Registra una identificaci\u00f3n \u00fanica que se utiliza para generar datos estad\u00edsticos acerca de c mo utiliza el visitante el sitio web.<\/td><td>fundacionbaluarte.com<\/td><td>400 d\u00edas<\/td><\/tr><tr><td>_ga_#<\/td><td>Estad\u00edstica<\/td><td>Recopila datos sobre el n\u00famero de veces que un usuario ha visitado el sitio web adem\u00e1s de las fechas de la primera visita y de la m\u00e1s reciente. Utilizada por Google Analytics.<\/td><td>fundacionbaluarte.com<\/td><td>400 d\u00edas<\/td><\/tr><tr><td>cookie_acm_temp_26432_shown<\/td><td>No clasificada<\/td><td><\/td><td>fundacionbaluarte.com<\/td><td>1 d\u00eda<\/td><\/tr><\/tbody><\/table><\/figure>\n\n<p><strong>(*) Proveedores no ubicados en la Uni\u00f3n Europea ni en pa\u00edses con legislaci\u00f3n equivalente en materia de protecci\u00f3n de datos<\/strong><\/p>\n\n<p>La informaci\u00f3n extra\u00edda a trav\u00e9s de estas cookies se almacena en servidores de Google\/Youtube\/Facebook, ubicados en EEUU, pa\u00eds en el cual su legislaci\u00f3n no garantiza un nivel adecuado de protecci\u00f3n de datos a criterio de las autoridades europeas. Al prestar su consentimiento al uso de estas cookies, usted consiente tambi\u00e9n la transferencia internacional de sus datos a la compa\u00f1\u00eda Google\/Youtube\/Facebook en Estados Unidos.<\/p>\n\n<p>Igualmente, Google se encuentra adscrita a la herramienta Web Choices, desde la cual, puede deshabilitar el uso de sus cookies: <a href=\"http:\/\/optout.aboutads.info\/\" rel=\"noreferrer noopener\" target=\"_blank\">http:\/\/optout.aboutads.info\/<\/a>.<\/p>\n\n<p><strong>\u00bfPuedo desactivarlas?<\/strong><\/p>\n\n<p>Vd. puede configurar su navegador para rechazar el almacenamiento de las cookies en su ordenador.<\/p>\n\n<p>Para poder deshabilitar las cookies desde los navegadores puede encontrar informaci\u00f3n sobre c\u00f3mo hacerlo en el caso de que se use como navegador:<\/p>\n\n<ul class=\"wp-block-list\">\n<li>Firefox desde aqu\u00ed: <a href=\"http:\/\/support.mozilla.org\/es\/kb\/habilitar-y-deshabilitar-cookies-que-los-sitios-we\" rel=\"noreferrer noopener\" target=\"_blank\">http:\/\/support.mozilla.org\/es\/kb\/habilitar-y-deshabilitar-cookies-que-los-sitios-we<\/a><\/li>\n\n\n\n<li>Chrome desde aqu\u00ed: <a href=\"http:\/\/support.google.com\/chrome\/bin\/answer.py?hl=es&amp;answer=95647\" rel=\"noreferrer noopener\" target=\"_blank\">http:\/\/support.google.com\/chrome\/bin\/answer.py?hl=es&amp;answer=95647<\/a><\/li>\n\n\n\n<li>Explorer desde aqu\u00ed: <a href=\"https:\/\/support.microsoft.com\/es-es\/help\/17442\/windows-internet-explorer-delete-manage-cookies\" rel=\"noreferrer noopener\" target=\"_blank\">https:\/\/support.microsoft.com\/es-es\/help\/17442\/windows-internet-explorer-delete-manage-cookies<\/a><\/li>\n\n\n\n<li>Safari desde aqu\u00ed: <a href=\"http:\/\/support.apple.com\/kb\/ph5042\" rel=\"noreferrer noopener\" target=\"_blank\">http:\/\/support.apple.com\/kb\/ph5042<\/a><\/li>\n\n\n\n<li>Opera desde aqu\u00ed: <a href=\"http:\/\/help.opera.com\/Windows\/11.50\/es-ES\/cookies.html\" rel=\"noreferrer noopener\" target=\"_blank\">http:\/\/help.opera.com\/Windows\/11.50\/es-ES\/cookies.html<\/a><\/li>\n<\/ul>\n\n<p><strong>M\u00e1s informaci\u00f3n<\/strong><\/p>\n\n<p>Por \u00faltimo, para obtener una informaci\u00f3n m\u00e1s exhaustiva acerca del tratamiento que FUNDACI\u00d3N BALUARTE realiza de sus datos personales, sobre cu\u00e1les son sus derechos relacionados con la protecci\u00f3n de datos o sobre qu\u00e9 cesiones se llevan a cabo, puede consultar nuestra <a href=\"https:\/\/www.fundacionbaluarte.com\/privacidad\">pol\u00edtica de privacidad<\/a>.<\/p>\n","protected":false},"excerpt":{"rendered":"<p>A trav\u00e9s de esta pol\u00edtica, FUNDACI\u00d3N BALUARTE, como responsable del dominio www.fundacionbaluarte.com ofrecemos al usuario de la p\u00e1gina informaci\u00f3n acerca del tratamiento de sus datos que realizamos a trav\u00e9s del uso de \u201ccookies\u201d y\/o tecnolog\u00edas similares. \u00bfQu\u00e9 es una Cookie? Este sitio web utiliza cookies y\/o tecnolog\u00edas similares que almacenan y recuperan informaci\u00f3n cuando navegas.&hellip;&nbsp;<a href=\"https:\/\/www.losencuentrosdepamplona.com\/en\/cookies-policy\/\" rel=\"bookmark\">Read More &raquo;<span class=\"screen-reader-text\">Cookies policy<\/span><\/a><\/p>\n","protected":false},"author":1,"featured_media":0,"parent":0,"menu_order":0,"comment_status":"closed","ping_status":"closed","template":"","meta":{"_acf_changed":false,"_uag_custom_page_level_css":"","_monsterinsights_skip_tracking":false,"_monsterinsights_sitenote_active":false,"_monsterinsights_sitenote_note":"","_monsterinsights_sitenote_category":0,"neve_meta_sidebar":"","neve_meta_container":"","neve_meta_enable_content_width":"","neve_meta_content_width":0,"neve_meta_title_alignment":"","neve_meta_author_avatar":"","neve_post_elements_order":"","neve_meta_disable_header":"","neve_meta_disable_footer":"","neve_meta_disable_title":"","neve_meta_reading_time":"","footnotes":""},"class_list":["post-1437","page","type-page","status-publish","hentry"],"acf":[],"yoast_head":"<!-- This site is optimized with the Yoast SEO plugin v23.5 - https:\/\/yoast.com\/wordpress\/plugins\/seo\/ -->\n<title>Cookies policy - Encuentros de Pamplona \/ Iru\u00f1eko Topaketak<\/title>\n<meta name=\"robots\" content=\"index, follow, max-snippet:-1, max-image-preview:large, max-video-preview:-1\" \/>\n<link rel=\"canonical\" href=\"https:\/\/www.losencuentrosdepamplona.com\/politica-de-cookies\/\" \/>\n<meta property=\"og:locale\" content=\"en_US\" \/>\n<meta property=\"og:type\" content=\"article\" \/>\n<meta property=\"og:title\" content=\"Cookies policy - Encuentros de Pamplona \/ Iru\u00f1eko Topaketak\" \/>\n<meta property=\"og:description\" content=\"A trav\u00e9s de esta pol\u00edtica, FUNDACI\u00d3N BALUARTE, como responsable del dominio www.fundacionbaluarte.com ofrecemos al usuario de la p\u00e1gina informaci\u00f3n acerca del tratamiento de sus datos que realizamos a trav\u00e9s del uso de \u201ccookies\u201d y\/o tecnolog\u00edas similares. \u00bfQu\u00e9 es una Cookie? Este sitio web utiliza cookies y\/o tecnolog\u00edas similares que almacenan y recuperan informaci\u00f3n cuando navegas.&hellip;&nbsp;Read More &raquo;Cookies policy\" \/>\n<meta property=\"og:url\" content=\"https:\/\/www.losencuentrosdepamplona.com\/politica-de-cookies\/\" \/>\n<meta property=\"og:site_name\" content=\"Encuentros de Pamplona \/ Iru\u00f1eko Topaketak\" \/>\n<meta property=\"article:publisher\" content=\"https:\/\/www.facebook.com\/encuentrosdepamplona\/\" \/>\n<meta property=\"article:modified_time\" content=\"2024-03-06T13:04:53+00:00\" \/>\n<meta name=\"twitter:card\" content=\"summary_large_image\" \/>\n<meta name=\"twitter:site\" content=\"@encuentros2024\" \/>\n<meta name=\"twitter:label1\" content=\"Est. reading time\" \/>\n\t<meta name=\"twitter:data1\" content=\"5 minutes\" \/>\n<script type=\"application\/ld+json\" class=\"yoast-schema-graph\">{\"@context\":\"https:\/\/schema.org\",\"@graph\":[{\"@type\":\"WebPage\",\"@id\":\"https:\/\/www.losencuentrosdepamplona.com\/politica-de-cookies\/\",\"url\":\"https:\/\/www.losencuentrosdepamplona.com\/politica-de-cookies\/\",\"name\":\"Cookies policy - Encuentros de Pamplona \/ Iru\u00f1eko Topaketak\",\"isPartOf\":{\"@id\":\"https:\/\/www.losencuentrosdepamplona.com\/#website\"},\"datePublished\":\"2024-03-05T16:23:20+00:00\",\"dateModified\":\"2024-03-06T13:04:53+00:00\",\"breadcrumb\":{\"@id\":\"https:\/\/www.losencuentrosdepamplona.com\/politica-de-cookies\/#breadcrumb\"},\"inLanguage\":\"en-US\",\"potentialAction\":[{\"@type\":\"ReadAction\",\"target\":[\"https:\/\/www.losencuentrosdepamplona.com\/politica-de-cookies\/\"]}]},{\"@type\":\"BreadcrumbList\",\"@id\":\"https:\/\/www.losencuentrosdepamplona.com\/politica-de-cookies\/#breadcrumb\",\"itemListElement\":[{\"@type\":\"ListItem\",\"position\":1,\"name\":\"Portada\",\"item\":\"https:\/\/www.losencuentrosdepamplona.com\/en\/\"},{\"@type\":\"ListItem\",\"position\":2,\"name\":\"Cookies policy\"}]},{\"@type\":\"WebSite\",\"@id\":\"https:\/\/www.losencuentrosdepamplona.com\/#website\",\"url\":\"https:\/\/www.losencuentrosdepamplona.com\/\",\"name\":\"Encuentros de Pamplona \/ Iru\u00f1eko Topaketak\",\"description\":\"Bienal internacional de cultura, arte y pensamiento\",\"publisher\":{\"@id\":\"https:\/\/www.losencuentrosdepamplona.com\/#organization\"},\"potentialAction\":[{\"@type\":\"SearchAction\",\"target\":{\"@type\":\"EntryPoint\",\"urlTemplate\":\"https:\/\/www.losencuentrosdepamplona.com\/?s={search_term_string}\"},\"query-input\":{\"@type\":\"PropertyValueSpecification\",\"valueRequired\":true,\"valueName\":\"search_term_string\"}}],\"inLanguage\":\"en-US\"},{\"@type\":\"Organization\",\"@id\":\"https:\/\/www.losencuentrosdepamplona.com\/#organization\",\"name\":\"Encuentros de Pamplona \/ Iru\u00f1eko Topaketak\",\"url\":\"https:\/\/www.losencuentrosdepamplona.com\/\",\"logo\":{\"@type\":\"ImageObject\",\"inLanguage\":\"en-US\",\"@id\":\"https:\/\/www.losencuentrosdepamplona.com\/#\/schema\/logo\/image\/\",\"url\":\"https:\/\/www.losencuentrosdepamplona.com\/wp-content\/uploads\/2024\/02\/encuentros__mid-dark.svg\",\"contentUrl\":\"https:\/\/www.losencuentrosdepamplona.com\/wp-content\/uploads\/2024\/02\/encuentros__mid-dark.svg\",\"width\":1103,\"height\":294,\"caption\":\"Encuentros de Pamplona \/ Iru\u00f1eko Topaketak\"},\"image\":{\"@id\":\"https:\/\/www.losencuentrosdepamplona.com\/#\/schema\/logo\/image\/\"},\"sameAs\":[\"https:\/\/www.facebook.com\/encuentrosdepamplona\/\",\"https:\/\/x.com\/encuentros2024\",\"https:\/\/www.instagram.com\/losencuentrosdepamplona\/?hl=es\"]}]}<\/script>\n<!-- \/ Yoast SEO plugin. -->","yoast_head_json":{"title":"Cookies policy - Encuentros de Pamplona \/ Iru\u00f1eko Topaketak","robots":{"index":"index","follow":"follow","max-snippet":"max-snippet:-1","max-image-preview":"max-image-preview:large","max-video-preview":"max-video-preview:-1"},"canonical":"https:\/\/www.losencuentrosdepamplona.com\/politica-de-cookies\/","og_locale":"en_US","og_type":"article","og_title":"Cookies policy - Encuentros de Pamplona \/ Iru\u00f1eko Topaketak","og_description":"A trav\u00e9s de esta pol\u00edtica, FUNDACI\u00d3N BALUARTE, como responsable del dominio www.fundacionbaluarte.com ofrecemos al usuario de la p\u00e1gina informaci\u00f3n acerca del tratamiento de sus datos que realizamos a trav\u00e9s del uso de \u201ccookies\u201d y\/o tecnolog\u00edas similares. \u00bfQu\u00e9 es una Cookie? Este sitio web utiliza cookies y\/o tecnolog\u00edas similares que almacenan y recuperan informaci\u00f3n cuando navegas.&hellip;&nbsp;Read More &raquo;Cookies policy","og_url":"https:\/\/www.losencuentrosdepamplona.com\/politica-de-cookies\/","og_site_name":"Encuentros de Pamplona \/ Iru\u00f1eko Topaketak","article_publisher":"https:\/\/www.facebook.com\/encuentrosdepamplona\/","article_modified_time":"2024-03-06T13:04:53+00:00","twitter_card":"summary_large_image","twitter_site":"@encuentros2024","twitter_misc":{"Est. reading time":"5 minutes"},"schema":{"@context":"https:\/\/schema.org","@graph":[{"@type":"WebPage","@id":"https:\/\/www.losencuentrosdepamplona.com\/politica-de-cookies\/","url":"https:\/\/www.losencuentrosdepamplona.com\/politica-de-cookies\/","name":"Cookies policy - Encuentros de Pamplona \/ Iru\u00f1eko Topaketak","isPartOf":{"@id":"https:\/\/www.losencuentrosdepamplona.com\/#website"},"datePublished":"2024-03-05T16:23:20+00:00","dateModified":"2024-03-06T13:04:53+00:00","breadcrumb":{"@id":"https:\/\/www.losencuentrosdepamplona.com\/politica-de-cookies\/#breadcrumb"},"inLanguage":"en-US","potentialAction":[{"@type":"ReadAction","target":["https:\/\/www.losencuentrosdepamplona.com\/politica-de-cookies\/"]}]},{"@type":"BreadcrumbList","@id":"https:\/\/www.losencuentrosdepamplona.com\/politica-de-cookies\/#breadcrumb","itemListElement":[{"@type":"ListItem","position":1,"name":"Portada","item":"https:\/\/www.losencuentrosdepamplona.com\/en\/"},{"@type":"ListItem","position":2,"name":"Cookies policy"}]},{"@type":"WebSite","@id":"https:\/\/www.losencuentrosdepamplona.com\/#website","url":"https:\/\/www.losencuentrosdepamplona.com\/","name":"Encuentros de Pamplona \/ Iru\u00f1eko Topaketak","description":"Bienal internacional de cultura, arte y pensamiento","publisher":{"@id":"https:\/\/www.losencuentrosdepamplona.com\/#organization"},"potentialAction":[{"@type":"SearchAction","target":{"@type":"EntryPoint","urlTemplate":"https:\/\/www.losencuentrosdepamplona.com\/?s={search_term_string}"},"query-input":{"@type":"PropertyValueSpecification","valueRequired":true,"valueName":"search_term_string"}}],"inLanguage":"en-US"},{"@type":"Organization","@id":"https:\/\/www.losencuentrosdepamplona.com\/#organization","name":"Encuentros de Pamplona \/ Iru\u00f1eko Topaketak","url":"https:\/\/www.losencuentrosdepamplona.com\/","logo":{"@type":"ImageObject","inLanguage":"en-US","@id":"https:\/\/www.losencuentrosdepamplona.com\/#\/schema\/logo\/image\/","url":"https:\/\/www.losencuentrosdepamplona.com\/wp-content\/uploads\/2024\/02\/encuentros__mid-dark.svg","contentUrl":"https:\/\/www.losencuentrosdepamplona.com\/wp-content\/uploads\/2024\/02\/encuentros__mid-dark.svg","width":1103,"height":294,"caption":"Encuentros de Pamplona \/ Iru\u00f1eko Topaketak"},"image":{"@id":"https:\/\/www.losencuentrosdepamplona.com\/#\/schema\/logo\/image\/"},"sameAs":["https:\/\/www.facebook.com\/encuentrosdepamplona\/","https:\/\/x.com\/encuentros2024","https:\/\/www.instagram.com\/losencuentrosdepamplona\/?hl=es"]}]}},"uagb_featured_image_src":{"full":false,"thumbnail":false,"medium":false,"medium_large":false,"large":false,"thumblist":false,"thumbrelated":false,"meccarouselthumb":false,"gridsquare":false,"tileview":false,"1536x1536":false,"2048x2048":false,"neve-blog":false},"uagb_author_info":{"display_name":"ec6eef2fcc","author_link":"https:\/\/www.losencuentrosdepamplona.com\/en\/author\/ec6eef2fcc\/"},"uagb_comment_info":0,"uagb_excerpt":"A trav\u00e9s de esta pol\u00edtica, FUNDACI\u00d3N BALUARTE, como responsable del dominio www.fundacionbaluarte.com ofrecemos al usuario de la p\u00e1gina informaci\u00f3n acerca del tratamiento de sus datos que realizamos a trav\u00e9s del uso de \u201ccookies\u201d y\/o tecnolog\u00edas similares. \u00bfQu\u00e9 es una Cookie? Este sitio web utiliza cookies y\/o tecnolog\u00edas similares que almacenan y recuperan informaci\u00f3n cuando navegas.&hellip;&nbsp;Read&hellip;","_links":{"self":[{"href":"https:\/\/www.losencuentrosdepamplona.com\/en\/wp-json\/wp\/v2\/pages\/1437","targetHints":{"allow":["GET"]}}],"collection":[{"href":"https:\/\/www.losencuentrosdepamplona.com\/en\/wp-json\/wp\/v2\/pages"}],"about":[{"href":"https:\/\/www.losencuentrosdepamplona.com\/en\/wp-json\/wp\/v2\/types\/page"}],"author":[{"embeddable":true,"href":"https:\/\/www.losencuentrosdepamplona.com\/en\/wp-json\/wp\/v2\/users\/1"}],"replies":[{"embeddable":true,"href":"https:\/\/www.losencuentrosdepamplona.com\/en\/wp-json\/wp\/v2\/comments?post=1437"}],"version-history":[{"count":0,"href":"https:\/\/www.losencuentrosdepamplona.com\/en\/wp-json\/wp\/v2\/pages\/1437\/revisions"}],"wp:attachment":[{"href":"https:\/\/www.losencuentrosdepamplona.com\/en\/wp-json\/wp\/v2\/media?parent=1437"}],"curies":[{"name":"wp","href":"https:\/\/api.w.org\/{rel}","templated":true}]}}