{"id":13130,"date":"2025-03-06T10:52:54","date_gmt":"2025-03-06T09:52:54","guid":{"rendered":"https:\/\/www.losencuentrosdepamplona.com\/?page_id=13130"},"modified":"2026-03-04T17:15:13","modified_gmt":"2026-03-04T16:15:13","slug":"eskola","status":"publish","type":"page","link":"https:\/\/www.losencuentrosdepamplona.com\/eu\/escuela\/eskola\/","title":{"rendered":"Eskola"},"content":{"rendered":"\t\t<div data-elementor-type=\"wp-page\" data-elementor-id=\"13130\" class=\"elementor elementor-13130 elementor-13122\" data-elementor-post-type=\"page\">\n\t\t\t\t<div data-dce-background-overlay-color=\"#FFFFFF\" data-dce-background-image-url=\"https:\/\/www.losencuentrosdepamplona.com\/wp-content\/uploads\/2026\/02\/Recurso-2-100.jpg\" class=\"elementor-element elementor-element-6cc8c26 e-flex e-con-boxed e-con e-parent\" data-id=\"6cc8c26\" data-element_type=\"container\" data-settings=\"{&quot;background_background&quot;:&quot;classic&quot;}\">\n\t\t\t\t\t<div class=\"e-con-inner\">\n\t\t\t\t<div class=\"elementor-element elementor-element-11bc6b1 elementor-widget elementor-widget-heading\" data-id=\"11bc6b1\" data-element_type=\"widget\" data-widget_type=\"heading.default\">\n\t\t\t\t<div class=\"elementor-widget-container\">\n\t\t\t<h2 class=\"elementor-heading-title elementor-size-default\">ESKOLA<\/h2>\t\t<\/div>\n\t\t\t\t<\/div>\n\t\t\t\t\t<\/div>\n\t\t\t\t<\/div>\n\t\t<div class=\"elementor-element elementor-element-9cb5793 e-flex e-con-boxed e-con e-parent\" data-id=\"9cb5793\" data-element_type=\"container\">\n\t\t\t\t\t<div class=\"e-con-inner\">\n\t\t\t\t<div class=\"elementor-element elementor-element-0614998 elementor-widget elementor-widget-text-editor\" data-id=\"0614998\" data-element_type=\"widget\" data-widget_type=\"text-editor.default\">\n\t\t\t\t<div class=\"elementor-widget-container\">\n\t\t\t\t\t\t\t<p><b>Topaketen Eskola<\/b><span style=\"font-weight: 400;\"> bienalari lotutako hezkuntza-gunea da, esperimentazioa, pentsamendua eta arte-diziplinen gurutzaketa uztartzen dituena, eta haur eta gazteei ematen die arreta. Proiektu hori 2024an egin zen lehen aldiz, eta ikastetxeei aukera ematen die koordinazio-taldeak eta artistek berariaz diseinatutako tailerrak egiteko, Iru\u00f1eko Topaketen komisario-lerroekin lotzeko, Ram\u00f3n Andr\u00e9s komisarioak planteatuak.\u00a0<\/span><\/p><p><span style=\"font-weight: 400;\">Topaketen Eskolak landa-eskolan eta Batxilergo Artistikoa ematen duten ikastetxeetan jartzen du arreta. Ikastetxeei proposatutako tailerrak ikasturtean zehar egiten dira, bienalaren aurreko hilabeteetan, praktikoak dira eta hainbat arte-hizkuntza proposatzen dituzte, hala nola zinema, artea, soinua, dantza eta arte plastikoak.\u00a0<\/span><\/p><p><span style=\"font-weight: 400;\">Iru\u00f1eko Kondestable Jauregian, urrian, Iru\u00f1eko Topaketetan erakusketa bat egingo da, tailerretan egindako lan-prozesuak erakusteko. Parte hartzen duten eskolei eta ikasleei gonbita egiten zaie bienalean Iru\u00f1era etor daitezen erakusketa ikustera, eta, horretarako, beren herritik bisita hori egitera etortzeko garraioa finantzatuko da.<\/span><\/p>\t\t\t\t\t\t<\/div>\n\t\t\t\t<\/div>\n\t\t\t\t\t<\/div>\n\t\t\t\t<\/div>\n\t\t<div class=\"elementor-element elementor-element-9fa7057 e-flex e-con-boxed e-con e-parent\" data-id=\"9fa7057\" data-element_type=\"container\">\n\t\t\t\t\t<div class=\"e-con-inner\">\n\t\t\t\t<div class=\"elementor-element elementor-element-367c6a9 dce_masking-none elementor-widget elementor-widget-video\" data-id=\"367c6a9\" data-element_type=\"widget\" data-settings=\"{&quot;youtube_url&quot;:&quot;https:\\\/\\\/youtu.be\\\/DRgMv48MCSE&quot;,&quot;video_type&quot;:&quot;youtube&quot;,&quot;controls&quot;:&quot;yes&quot;}\" data-widget_type=\"video.default\">\n\t\t\t\t<div class=\"elementor-widget-container\">\n\t\t\t\t\t<div class=\"elementor-wrapper elementor-open-inline\">\n\t\t\t<div class=\"elementor-video\"><\/div>\t\t<\/div>\n\t\t\t\t<\/div>\n\t\t\t\t<\/div>\n\t\t\t\t\t<\/div>\n\t\t\t\t<\/div>\n\t\t\t\t<\/div>\n\t\t","protected":false},"excerpt":{"rendered":"<p>ESKOLA Topaketen Eskola bienalari lotutako hezkuntza-gunea da, esperimentazioa, pentsamendua eta arte-diziplinen gurutzaketa uztartzen dituena, eta haur eta gazteei ematen die arreta. Proiektu hori 2024an egin zen lehen aldiz, eta ikastetxeei aukera ematen die koordinazio-taldeak eta artistek berariaz diseinatutako tailerrak egiteko, Iru\u00f1eko Topaketen komisario-lerroekin lotzeko, Ram\u00f3n Andr\u00e9s komisarioak planteatuak.\u00a0 Topaketen Eskolak landa-eskolan eta Batxilergo Artistikoa ematen&hellip;&nbsp;<a href=\"https:\/\/www.losencuentrosdepamplona.com\/eu\/escuela\/eskola\/\" rel=\"bookmark\">Read More &raquo;<span class=\"screen-reader-text\">Eskola<\/span><\/a><\/p>\n","protected":false},"author":5,"featured_media":0,"parent":3549,"menu_order":0,"comment_status":"closed","ping_status":"closed","template":"page-templates\/template-pagebuilder-full-width.php","meta":{"_acf_changed":false,"_uag_custom_page_level_css":"","_monsterinsights_skip_tracking":false,"_monsterinsights_sitenote_active":false,"_monsterinsights_sitenote_note":"","_monsterinsights_sitenote_category":0,"neve_meta_sidebar":"","neve_meta_container":"","neve_meta_enable_content_width":"","neve_meta_content_width":0,"neve_meta_title_alignment":"","neve_meta_author_avatar":"","neve_post_elements_order":"","neve_meta_disable_header":"","neve_meta_disable_footer":"","neve_meta_disable_title":"","neve_meta_reading_time":"","footnotes":""},"class_list":["post-13130","page","type-page","status-publish","hentry"],"acf":[],"yoast_head":"<!-- This site is optimized with the Yoast SEO plugin v23.5 - https:\/\/yoast.com\/wordpress\/plugins\/seo\/ -->\n<title>Eskola - Encuentros de Pamplona \/ Iru\u00f1eko Topaketak<\/title>\n<meta name=\"robots\" content=\"index, follow, max-snippet:-1, max-image-preview:large, max-video-preview:-1\" \/>\n<link rel=\"canonical\" href=\"https:\/\/www.losencuentrosdepamplona.com\/eu\/escuela\/eskola\/\" \/>\n<meta property=\"og:locale\" content=\"eu_ES\" \/>\n<meta property=\"og:type\" content=\"article\" \/>\n<meta property=\"og:title\" content=\"Eskola - Encuentros de Pamplona \/ Iru\u00f1eko Topaketak\" \/>\n<meta property=\"og:description\" content=\"ESKOLA Topaketen Eskola bienalari lotutako hezkuntza-gunea da, esperimentazioa, pentsamendua eta arte-diziplinen gurutzaketa uztartzen dituena, eta haur eta gazteei ematen die arreta. Proiektu hori 2024an egin zen lehen aldiz, eta ikastetxeei aukera ematen die koordinazio-taldeak eta artistek berariaz diseinatutako tailerrak egiteko, Iru\u00f1eko Topaketen komisario-lerroekin lotzeko, Ram\u00f3n Andr\u00e9s komisarioak planteatuak.\u00a0 Topaketen Eskolak landa-eskolan eta Batxilergo Artistikoa ematen&hellip;&nbsp;Read More &raquo;Eskola\" \/>\n<meta property=\"og:url\" content=\"https:\/\/www.losencuentrosdepamplona.com\/eu\/escuela\/eskola\/\" \/>\n<meta property=\"og:site_name\" content=\"Encuentros de Pamplona \/ Iru\u00f1eko Topaketak\" \/>\n<meta property=\"article:publisher\" content=\"https:\/\/www.facebook.com\/encuentrosdepamplona\/\" \/>\n<meta property=\"article:modified_time\" content=\"2026-03-04T16:15:13+00:00\" \/>\n<meta name=\"twitter:card\" content=\"summary_large_image\" \/>\n<meta name=\"twitter:site\" content=\"@encuentros2024\" \/>\n<meta name=\"twitter:label1\" content=\"Est. reading time\" \/>\n\t<meta name=\"twitter:data1\" content=\"1 minute\" \/>\n<script type=\"application\/ld+json\" class=\"yoast-schema-graph\">{\"@context\":\"https:\/\/schema.org\",\"@graph\":[{\"@type\":\"WebPage\",\"@id\":\"https:\/\/www.losencuentrosdepamplona.com\/eu\/escuela\/eskola\/\",\"url\":\"https:\/\/www.losencuentrosdepamplona.com\/eu\/escuela\/eskola\/\",\"name\":\"Eskola - Encuentros de Pamplona \/ Iru\u00f1eko Topaketak\",\"isPartOf\":{\"@id\":\"https:\/\/www.losencuentrosdepamplona.com\/#website\"},\"datePublished\":\"2025-03-06T09:52:54+00:00\",\"dateModified\":\"2026-03-04T16:15:13+00:00\",\"breadcrumb\":{\"@id\":\"https:\/\/www.losencuentrosdepamplona.com\/eu\/escuela\/eskola\/#breadcrumb\"},\"inLanguage\":\"eu-ES\",\"potentialAction\":[{\"@type\":\"ReadAction\",\"target\":[\"https:\/\/www.losencuentrosdepamplona.com\/eu\/escuela\/eskola\/\"]}]},{\"@type\":\"BreadcrumbList\",\"@id\":\"https:\/\/www.losencuentrosdepamplona.com\/eu\/escuela\/eskola\/#breadcrumb\",\"itemListElement\":[{\"@type\":\"ListItem\",\"position\":1,\"name\":\"Portada\",\"item\":\"https:\/\/www.losencuentrosdepamplona.com\/eu\/\"},{\"@type\":\"ListItem\",\"position\":2,\"name\":\"Eskola 26\",\"item\":\"https:\/\/www.losencuentrosdepamplona.com\/eu\/escuela\/\"},{\"@type\":\"ListItem\",\"position\":3,\"name\":\"Eskola\"}]},{\"@type\":\"WebSite\",\"@id\":\"https:\/\/www.losencuentrosdepamplona.com\/#website\",\"url\":\"https:\/\/www.losencuentrosdepamplona.com\/\",\"name\":\"Encuentros de Pamplona \/ Iru\u00f1eko Topaketak\",\"description\":\"Bienal internacional de cultura, arte y pensamiento\",\"publisher\":{\"@id\":\"https:\/\/www.losencuentrosdepamplona.com\/#organization\"},\"potentialAction\":[{\"@type\":\"SearchAction\",\"target\":{\"@type\":\"EntryPoint\",\"urlTemplate\":\"https:\/\/www.losencuentrosdepamplona.com\/?s={search_term_string}\"},\"query-input\":{\"@type\":\"PropertyValueSpecification\",\"valueRequired\":true,\"valueName\":\"search_term_string\"}}],\"inLanguage\":\"eu-ES\"},{\"@type\":\"Organization\",\"@id\":\"https:\/\/www.losencuentrosdepamplona.com\/#organization\",\"name\":\"Encuentros de Pamplona \/ Iru\u00f1eko Topaketak\",\"url\":\"https:\/\/www.losencuentrosdepamplona.com\/\",\"logo\":{\"@type\":\"ImageObject\",\"inLanguage\":\"eu-ES\",\"@id\":\"https:\/\/www.losencuentrosdepamplona.com\/#\/schema\/logo\/image\/\",\"url\":\"https:\/\/www.losencuentrosdepamplona.com\/wp-content\/uploads\/2024\/02\/encuentros__mid-dark.svg\",\"contentUrl\":\"https:\/\/www.losencuentrosdepamplona.com\/wp-content\/uploads\/2024\/02\/encuentros__mid-dark.svg\",\"width\":1103,\"height\":294,\"caption\":\"Encuentros de Pamplona \/ Iru\u00f1eko Topaketak\"},\"image\":{\"@id\":\"https:\/\/www.losencuentrosdepamplona.com\/#\/schema\/logo\/image\/\"},\"sameAs\":[\"https:\/\/www.facebook.com\/encuentrosdepamplona\/\",\"https:\/\/x.com\/encuentros2024\",\"https:\/\/www.instagram.com\/losencuentrosdepamplona\/?hl=es\"]}]}<\/script>\n<!-- \/ Yoast SEO plugin. -->","yoast_head_json":{"title":"Eskola - Encuentros de Pamplona \/ Iru\u00f1eko Topaketak","robots":{"index":"index","follow":"follow","max-snippet":"max-snippet:-1","max-image-preview":"max-image-preview:large","max-video-preview":"max-video-preview:-1"},"canonical":"https:\/\/www.losencuentrosdepamplona.com\/eu\/escuela\/eskola\/","og_locale":"eu_ES","og_type":"article","og_title":"Eskola - Encuentros de Pamplona \/ Iru\u00f1eko Topaketak","og_description":"ESKOLA Topaketen Eskola bienalari lotutako hezkuntza-gunea da, esperimentazioa, pentsamendua eta arte-diziplinen gurutzaketa uztartzen dituena, eta haur eta gazteei ematen die arreta. Proiektu hori 2024an egin zen lehen aldiz, eta ikastetxeei aukera ematen die koordinazio-taldeak eta artistek berariaz diseinatutako tailerrak egiteko, Iru\u00f1eko Topaketen komisario-lerroekin lotzeko, Ram\u00f3n Andr\u00e9s komisarioak planteatuak.\u00a0 Topaketen Eskolak landa-eskolan eta Batxilergo Artistikoa ematen&hellip;&nbsp;Read More &raquo;Eskola","og_url":"https:\/\/www.losencuentrosdepamplona.com\/eu\/escuela\/eskola\/","og_site_name":"Encuentros de Pamplona \/ Iru\u00f1eko Topaketak","article_publisher":"https:\/\/www.facebook.com\/encuentrosdepamplona\/","article_modified_time":"2026-03-04T16:15:13+00:00","twitter_card":"summary_large_image","twitter_site":"@encuentros2024","twitter_misc":{"Est. reading time":"1 minute"},"schema":{"@context":"https:\/\/schema.org","@graph":[{"@type":"WebPage","@id":"https:\/\/www.losencuentrosdepamplona.com\/eu\/escuela\/eskola\/","url":"https:\/\/www.losencuentrosdepamplona.com\/eu\/escuela\/eskola\/","name":"Eskola - Encuentros de Pamplona \/ Iru\u00f1eko Topaketak","isPartOf":{"@id":"https:\/\/www.losencuentrosdepamplona.com\/#website"},"datePublished":"2025-03-06T09:52:54+00:00","dateModified":"2026-03-04T16:15:13+00:00","breadcrumb":{"@id":"https:\/\/www.losencuentrosdepamplona.com\/eu\/escuela\/eskola\/#breadcrumb"},"inLanguage":"eu-ES","potentialAction":[{"@type":"ReadAction","target":["https:\/\/www.losencuentrosdepamplona.com\/eu\/escuela\/eskola\/"]}]},{"@type":"BreadcrumbList","@id":"https:\/\/www.losencuentrosdepamplona.com\/eu\/escuela\/eskola\/#breadcrumb","itemListElement":[{"@type":"ListItem","position":1,"name":"Portada","item":"https:\/\/www.losencuentrosdepamplona.com\/eu\/"},{"@type":"ListItem","position":2,"name":"Eskola 26","item":"https:\/\/www.losencuentrosdepamplona.com\/eu\/escuela\/"},{"@type":"ListItem","position":3,"name":"Eskola"}]},{"@type":"WebSite","@id":"https:\/\/www.losencuentrosdepamplona.com\/#website","url":"https:\/\/www.losencuentrosdepamplona.com\/","name":"Encuentros de Pamplona \/ Iru\u00f1eko Topaketak","description":"Bienal internacional de cultura, arte y pensamiento","publisher":{"@id":"https:\/\/www.losencuentrosdepamplona.com\/#organization"},"potentialAction":[{"@type":"SearchAction","target":{"@type":"EntryPoint","urlTemplate":"https:\/\/www.losencuentrosdepamplona.com\/?s={search_term_string}"},"query-input":{"@type":"PropertyValueSpecification","valueRequired":true,"valueName":"search_term_string"}}],"inLanguage":"eu-ES"},{"@type":"Organization","@id":"https:\/\/www.losencuentrosdepamplona.com\/#organization","name":"Encuentros de Pamplona \/ Iru\u00f1eko Topaketak","url":"https:\/\/www.losencuentrosdepamplona.com\/","logo":{"@type":"ImageObject","inLanguage":"eu-ES","@id":"https:\/\/www.losencuentrosdepamplona.com\/#\/schema\/logo\/image\/","url":"https:\/\/www.losencuentrosdepamplona.com\/wp-content\/uploads\/2024\/02\/encuentros__mid-dark.svg","contentUrl":"https:\/\/www.losencuentrosdepamplona.com\/wp-content\/uploads\/2024\/02\/encuentros__mid-dark.svg","width":1103,"height":294,"caption":"Encuentros de Pamplona \/ Iru\u00f1eko Topaketak"},"image":{"@id":"https:\/\/www.losencuentrosdepamplona.com\/#\/schema\/logo\/image\/"},"sameAs":["https:\/\/www.facebook.com\/encuentrosdepamplona\/","https:\/\/x.com\/encuentros2024","https:\/\/www.instagram.com\/losencuentrosdepamplona\/?hl=es"]}]}},"uagb_featured_image_src":{"full":false,"thumbnail":false,"medium":false,"medium_large":false,"large":false,"thumblist":false,"thumbrelated":false,"meccarouselthumb":false,"gridsquare":false,"tileview":false,"1536x1536":false,"2048x2048":false,"neve-blog":false},"uagb_author_info":{"display_name":"fran","author_link":"https:\/\/www.losencuentrosdepamplona.com\/eu\/author\/fran\/"},"uagb_comment_info":0,"uagb_excerpt":"ESKOLA Topaketen Eskola bienalari lotutako hezkuntza-gunea da, esperimentazioa, pentsamendua eta arte-diziplinen gurutzaketa uztartzen dituena, eta haur eta gazteei ematen die arreta. Proiektu hori 2024an egin zen lehen aldiz, eta ikastetxeei aukera ematen die koordinazio-taldeak eta artistek berariaz diseinatutako tailerrak egiteko, Iru\u00f1eko Topaketen komisario-lerroekin lotzeko, Ram\u00f3n Andr\u00e9s komisarioak planteatuak.\u00a0 Topaketen Eskolak landa-eskolan eta Batxilergo Artistikoa ematen&hellip;&nbsp;Read&hellip;","_links":{"self":[{"href":"https:\/\/www.losencuentrosdepamplona.com\/eu\/wp-json\/wp\/v2\/pages\/13130","targetHints":{"allow":["GET"]}}],"collection":[{"href":"https:\/\/www.losencuentrosdepamplona.com\/eu\/wp-json\/wp\/v2\/pages"}],"about":[{"href":"https:\/\/www.losencuentrosdepamplona.com\/eu\/wp-json\/wp\/v2\/types\/page"}],"author":[{"embeddable":true,"href":"https:\/\/www.losencuentrosdepamplona.com\/eu\/wp-json\/wp\/v2\/users\/5"}],"replies":[{"embeddable":true,"href":"https:\/\/www.losencuentrosdepamplona.com\/eu\/wp-json\/wp\/v2\/comments?post=13130"}],"version-history":[{"count":12,"href":"https:\/\/www.losencuentrosdepamplona.com\/eu\/wp-json\/wp\/v2\/pages\/13130\/revisions"}],"predecessor-version":[{"id":14129,"href":"https:\/\/www.losencuentrosdepamplona.com\/eu\/wp-json\/wp\/v2\/pages\/13130\/revisions\/14129"}],"up":[{"embeddable":true,"href":"https:\/\/www.losencuentrosdepamplona.com\/eu\/wp-json\/wp\/v2\/pages\/3549"}],"wp:attachment":[{"href":"https:\/\/www.losencuentrosdepamplona.com\/eu\/wp-json\/wp\/v2\/media?parent=13130"}],"curies":[{"name":"wp","href":"https:\/\/api.w.org\/{rel}","templated":true}]}}