{"id":13768,"date":"2026-01-20T23:11:36","date_gmt":"2026-01-20T22:11:36","guid":{"rendered":"https:\/\/www.losencuentrosdepamplona.com\/?page_id=13768"},"modified":"2026-03-24T10:06:18","modified_gmt":"2026-03-24T09:06:18","slug":"gure-kanpamentu-galaktikoa","status":"publish","type":"page","link":"https:\/\/www.losencuentrosdepamplona.com\/eu\/escuela\/eskola\/gure-kanpamentu-galaktikoa\/","title":{"rendered":"GURE KANPAMENTU GALAKTIKOA"},"content":{"rendered":"\t\t<div data-elementor-type=\"wp-page\" data-elementor-id=\"13768\" class=\"elementor elementor-13768 elementor-13465\" data-elementor-post-type=\"page\">\n\t\t\t\t<div class=\"elementor-element elementor-element-ab8477a e-flex e-con-boxed e-con e-parent\" data-id=\"ab8477a\" data-element_type=\"container\">\n\t\t\t\t\t<div class=\"e-con-inner\">\n\t\t<div data-dce-background-color=\"#E0E0E0\" class=\"elementor-element elementor-element-aaf5b06 e-con-full e-flex e-con e-child\" data-id=\"aaf5b06\" data-element_type=\"container\" data-settings=\"{&quot;background_background&quot;:&quot;classic&quot;,&quot;sticky&quot;:&quot;top&quot;,&quot;sticky_on&quot;:[&quot;desktop&quot;,&quot;tablet&quot;],&quot;sticky_offset&quot;:120,&quot;sticky_parent&quot;:&quot;yes&quot;,&quot;sticky_offset_mobile&quot;:0,&quot;sticky_effects_offset&quot;:0}\">\n\t\t\t\t<div class=\"elementor-element elementor-element-f70e99c dce_masking-none elementor-widget elementor-widget-image\" data-id=\"f70e99c\" data-element_type=\"widget\" data-widget_type=\"image.default\">\n\t\t\t\t<div class=\"elementor-widget-container\">\n\t\t\t\t\t\t\t\t\t\t\t\t\t<img fetchpriority=\"high\" decoding=\"async\" width=\"841\" height=\"720\" src=\"https:\/\/www.losencuentrosdepamplona.com\/wp-content\/uploads\/2026\/01\/AZKONATOLOZA.jpg\" class=\"attachment-large size-large wp-image-13410\" alt=\"\" srcset=\"https:\/\/www.losencuentrosdepamplona.com\/wp-content\/uploads\/2026\/01\/AZKONATOLOZA.jpg 841w, https:\/\/www.losencuentrosdepamplona.com\/wp-content\/uploads\/2026\/01\/AZKONATOLOZA-300x257.jpg 300w, https:\/\/www.losencuentrosdepamplona.com\/wp-content\/uploads\/2026\/01\/AZKONATOLOZA-768x658.jpg 768w\" sizes=\"(max-width: 841px) 100vw, 841px\" \/>\t\t\t\t\t\t\t\t\t\t\t\t\t<\/div>\n\t\t\t\t<\/div>\n\t\t\t\t<div class=\"elementor-element elementor-element-e1f538a elementor-widget elementor-widget-heading\" data-id=\"e1f538a\" data-element_type=\"widget\" data-widget_type=\"heading.default\">\n\t\t\t\t<div class=\"elementor-widget-container\">\n\t\t\t<h2 class=\"elementor-heading-title elementor-size-default\">AzkonaToloza<\/h2>\t\t<\/div>\n\t\t\t\t<\/div>\n\t\t\t\t<div class=\"elementor-element elementor-element-b46f2cb elementor-widget elementor-widget-text-editor\" data-id=\"b46f2cb\" data-element_type=\"widget\" data-widget_type=\"text-editor.default\">\n\t\t\t\t<div class=\"elementor-widget-container\">\n\t\t\t\t\t\t\t<p><span style=\"font-weight: 400;\">Laida Azkona Go\u00f1i eta <\/span><span style=\"font-weight: 400;\">Txalo<\/span><span style=\"font-weight: 400;\"> Toloza-Fernandez artistak Mediterraneo itsasoaren, Pirinioen eta Atacamako basamortuaren artean ibiltzen dira, eta arte bizien proiektuak egiten dituzte.<\/span><\/p><p><span style=\"font-weight: 400;\">\u00a0<\/span><span style=\"font-weight: 400;\">Poesiaren eta antropologia bisualaren aukera amaigabeak, lofi bideogintza, performancea eta mugimendua interesatzen zaizkie, eta haien azken sorkuntzen ardatza historia ofizialaren berrirakurketa eta eszenarako pentsatutako sorkuntza dokumentala dira, eszenatzat harturik bai opera etxe bateko aretoa, baita goi ordokiko gatz lautada baten mugagabetasuna ere.<\/span><\/p><p><span style=\"font-weight: 400;\">\u00a0<\/span><span style=\"font-weight: 400;\">Hainbat antzoki eta jaialditan aurkeztu dituzte lanak, honako hauetan, besteak beste: Grec Festival eta Festival S\u00e2lmon d\u00b4Arts Vives (Bartzelona); Th\u00e8\u00e2tre de la Ville eta Festival d\u2019Automne (Paris); Th\u00e8\u00e2tre Garonne (Tolosa); KVS (Brusela); EuroSzene (Leipzig); La B\u00e2tie Festival (Gen\u00e8ve); FIAC (Salvador da Bahia); Festival Mirada (Santos eta Sao Paulo); Museo Universitario del Chopo (Mexiko Hiria); Romaeuropa Festival (Erroma); Festival Internacional de Buenos Aires; Fitei Digital (Porto); Sal\u00f3n Nacional de Artistas de Colombia (Bogota); Naves de Matadero eta Teatro Espa\u00f1ol (Madril); NAVE (Santiago, Txile); Escena Abierta (Burgos), edo Temporada Alta (Girona).<\/span><\/p>\t\t\t\t\t\t<\/div>\n\t\t\t\t<\/div>\n\t\t\t\t<\/div>\n\t\t<div class=\"elementor-element elementor-element-9b331ff e-con-full e-flex e-con e-child\" data-id=\"9b331ff\" data-element_type=\"container\">\n\t\t\t\t<div class=\"elementor-element elementor-element-eeb5b27 elementor-widget elementor-widget-heading\" data-id=\"eeb5b27\" data-element_type=\"widget\" data-widget_type=\"heading.default\">\n\t\t\t\t<div class=\"elementor-widget-container\">\n\t\t\t<h2 class=\"elementor-heading-title elementor-size-default\">GURE KANPAMENTU GALAKTIKOA<\/h2>\t\t<\/div>\n\t\t\t\t<\/div>\n\t\t\t\t<div class=\"elementor-element elementor-element-fe29f02 elementor-widget elementor-widget-text-editor\" data-id=\"fe29f02\" data-element_type=\"widget\" data-widget_type=\"text-editor.default\">\n\t\t\t\t<div class=\"elementor-widget-container\">\n\t\t\t\t\t\t\t<p><span style=\"font-weight: 400;\">Jakintzak partekatzea. Ezagutzak partekatzea. Galderak partekatzea. Desioak partekatzea. Ideiak partekatzea. Beste errealitate batzuk, beste etorkizun batzuk irudikatzeko behar diren estrategiak partekatzea.<\/span><\/p><p><span style=\"font-weight: 400;\">Baina, nola egingo dugu? Nondik hasiko gara?\u00a0<\/span><\/p><p><span style=\"font-weight: 400;\">Eta gure biltegian gordetzen ditugun elastikoen metro horiek elkartzeko espazio seguru bihurtzen baditugu?\u00a0<\/span><\/p><p><span style=\"font-weight: 400;\">Eta gure planetan pentsatu ahal izateko aterpe iragankor bat eraikitzen badugu? Haren orainean eta etorkizunean pentsatzeko.<\/span><\/p><p><span style=\"font-weight: 400;\">Eta eskolako jolastokiaren zati bat, ordu batzuetan, agora bihurtzen badugu, naturarekin dugun harremana birplanteatzea ahalbidetuko diguten estrategia berriak imajinatu ahal izateko?<\/span><\/p><p><span style=\"font-weight: 400;\">Lur planetarentzat beste etorkizun batzuk imajinatzeko eta amesteko aukera emango digun lekua.\u00a0<\/span><\/p><p><i><span style=\"font-weight: 400;\">Amesteko aukera emango diguna.<\/span><\/i><\/p>\t\t\t\t\t\t<\/div>\n\t\t\t\t<\/div>\n\t\t\t\t<div data-dce-advanced-background-image-url=\"https:\/\/www.losencuentrosdepamplona.com\/wp-content\/uploads\/2026\/01\/NOVA-001-scaled.jpg\" class=\"elementor-element elementor-element-8d173a6 elementor-widget elementor-widget-heading\" data-id=\"8d173a6\" data-element_type=\"widget\" data-widget_type=\"heading.default\">\n\t\t\t\t<div class=\"elementor-widget-container\">\n\t\t\t<h2 class=\"elementor-heading-title elementor-size-default\">ESKOLA ZENTROAK<\/h2>\t\t<\/div>\n\t\t\t\t<\/div>\n\t\t<div class=\"elementor-element elementor-element-743a4bd e-con-full e-flex e-con e-child\" data-id=\"743a4bd\" data-element_type=\"container\">\n\t\t<div data-dce-background-color=\"#E0E0E0\" class=\"elementor-element elementor-element-3379853 e-con-full e-flex e-con e-child\" data-id=\"3379853\" data-element_type=\"container\" data-settings=\"{&quot;background_background&quot;:&quot;classic&quot;}\">\n\t\t\t\t<div class=\"elementor-element elementor-element-403ec8f elementor-widget elementor-widget-heading\" data-id=\"403ec8f\" data-element_type=\"widget\" data-widget_type=\"heading.default\">\n\t\t\t\t<div class=\"elementor-widget-container\">\n\t\t\t<h3 class=\"elementor-heading-title elementor-size-default\">CP Pitillas IP<\/h3>\t\t<\/div>\n\t\t\t\t<\/div>\n\t\t\t\t<\/div>\n\t\t<div data-dce-background-color=\"#E0E0E0\" class=\"elementor-element elementor-element-534171e e-con-full e-flex e-con e-child\" data-id=\"534171e\" data-element_type=\"container\" data-settings=\"{&quot;background_background&quot;:&quot;classic&quot;}\">\n\t\t\t\t<div class=\"elementor-element elementor-element-323d3e8 elementor-widget elementor-widget-heading\" data-id=\"323d3e8\" data-element_type=\"widget\" data-widget_type=\"heading.default\">\n\t\t\t\t<div class=\"elementor-widget-container\">\n\t\t\t<h3 class=\"elementor-heading-title elementor-size-default\">CP Beire IP\n<\/h3>\t\t<\/div>\n\t\t\t\t<\/div>\n\t\t\t\t<\/div>\n\t\t<div data-dce-background-color=\"#E0E0E0\" class=\"elementor-element elementor-element-02d043e e-con-full e-flex e-con e-child\" data-id=\"02d043e\" data-element_type=\"container\" data-settings=\"{&quot;background_background&quot;:&quot;classic&quot;}\">\n\t\t\t\t<div class=\"elementor-element elementor-element-46b0703 elementor-widget elementor-widget-heading\" data-id=\"46b0703\" data-element_type=\"widget\" data-widget_type=\"heading.default\">\n\t\t\t\t<div class=\"elementor-widget-container\">\n\t\t\t<h3 class=\"elementor-heading-title elementor-size-default\">CP Uju\u00e9 IP<\/h3>\t\t<\/div>\n\t\t\t\t<\/div>\n\t\t\t\t<\/div>\n\t\t\t\t<\/div>\n\t\t\t\t<\/div>\n\t\t\t\t\t<\/div>\n\t\t\t\t<\/div>\n\t\t\t\t<\/div>\n\t\t","protected":false},"excerpt":{"rendered":"<p>AzkonaToloza Laida Azkona Go\u00f1i eta Txalo Toloza-Fernandez artistak Mediterraneo itsasoaren, Pirinioen eta Atacamako basamortuaren artean ibiltzen dira, eta arte bizien proiektuak egiten dituzte. \u00a0Poesiaren eta antropologia bisualaren aukera amaigabeak, lofi bideogintza, performancea eta mugimendua interesatzen zaizkie, eta haien azken sorkuntzen ardatza historia ofizialaren berrirakurketa eta eszenarako pentsatutako sorkuntza dokumentala dira, eszenatzat harturik bai opera etxe&hellip;&nbsp;<a href=\"https:\/\/www.losencuentrosdepamplona.com\/eu\/escuela\/eskola\/gure-kanpamentu-galaktikoa\/\" rel=\"bookmark\">Read More &raquo;<span class=\"screen-reader-text\">GURE KANPAMENTU GALAKTIKOA<\/span><\/a><\/p>\n","protected":false},"author":5,"featured_media":2444,"parent":13130,"menu_order":0,"comment_status":"closed","ping_status":"closed","template":"page-templates\/template-pagebuilder-full-width.php","meta":{"_acf_changed":false,"_uag_custom_page_level_css":"","_monsterinsights_skip_tracking":false,"_monsterinsights_sitenote_active":false,"_monsterinsights_sitenote_note":"","_monsterinsights_sitenote_category":0,"neve_meta_sidebar":"","neve_meta_container":"","neve_meta_enable_content_width":"","neve_meta_content_width":0,"neve_meta_title_alignment":"","neve_meta_author_avatar":"","neve_post_elements_order":"","neve_meta_disable_header":"","neve_meta_disable_footer":"","neve_meta_disable_title":"","neve_meta_reading_time":"","footnotes":""},"class_list":["post-13768","page","type-page","status-publish","has-post-thumbnail","hentry"],"acf":[],"yoast_head":"<!-- This site is optimized with the Yoast SEO plugin v23.5 - https:\/\/yoast.com\/wordpress\/plugins\/seo\/ -->\n<title>GURE KANPAMENTU GALAKTIKOA - Encuentros de Pamplona \/ Iru\u00f1eko Topaketak<\/title>\n<meta name=\"robots\" content=\"index, follow, max-snippet:-1, max-image-preview:large, max-video-preview:-1\" \/>\n<link rel=\"canonical\" href=\"https:\/\/www.losencuentrosdepamplona.com\/escuela\/escuela-2\/el-futuro-es-primario-2\/\" \/>\n<meta property=\"og:locale\" content=\"eu_ES\" \/>\n<meta property=\"og:type\" content=\"article\" \/>\n<meta property=\"og:title\" content=\"GURE KANPAMENTU GALAKTIKOA - Encuentros de Pamplona \/ Iru\u00f1eko Topaketak\" \/>\n<meta property=\"og:description\" content=\"AzkonaToloza Laida Azkona Go\u00f1i eta Txalo Toloza-Fernandez artistak Mediterraneo itsasoaren, Pirinioen eta Atacamako basamortuaren artean ibiltzen dira, eta arte bizien proiektuak egiten dituzte. \u00a0Poesiaren eta antropologia bisualaren aukera amaigabeak, lofi bideogintza, performancea eta mugimendua interesatzen zaizkie, eta haien azken sorkuntzen ardatza historia ofizialaren berrirakurketa eta eszenarako pentsatutako sorkuntza dokumentala dira, eszenatzat harturik bai opera etxe&hellip;&nbsp;Read More &raquo;GURE KANPAMENTU GALAKTIKOA\" \/>\n<meta property=\"og:url\" content=\"https:\/\/www.losencuentrosdepamplona.com\/escuela\/escuela-2\/el-futuro-es-primario-2\/\" \/>\n<meta property=\"og:site_name\" content=\"Encuentros de Pamplona \/ Iru\u00f1eko Topaketak\" \/>\n<meta property=\"article:publisher\" content=\"https:\/\/www.facebook.com\/encuentrosdepamplona\/\" \/>\n<meta property=\"article:modified_time\" content=\"2026-03-24T09:06:18+00:00\" \/>\n<meta property=\"og:image\" content=\"https:\/\/www.losencuentrosdepamplona.com\/wp-content\/uploads\/2024\/04\/Marina-LAMEIRO.jpg\" \/>\n\t<meta property=\"og:image:width\" content=\"800\" \/>\n\t<meta property=\"og:image:height\" content=\"915\" \/>\n\t<meta property=\"og:image:type\" content=\"image\/jpeg\" \/>\n<meta name=\"twitter:card\" content=\"summary_large_image\" \/>\n<meta name=\"twitter:site\" content=\"@encuentros2024\" \/>\n<meta name=\"twitter:label1\" content=\"Est. reading time\" \/>\n\t<meta name=\"twitter:data1\" content=\"3 minutes\" \/>\n<script type=\"application\/ld+json\" class=\"yoast-schema-graph\">{\"@context\":\"https:\/\/schema.org\",\"@graph\":[{\"@type\":\"WebPage\",\"@id\":\"https:\/\/www.losencuentrosdepamplona.com\/escuela\/escuela-2\/el-futuro-es-primario-2\/\",\"url\":\"https:\/\/www.losencuentrosdepamplona.com\/escuela\/escuela-2\/el-futuro-es-primario-2\/\",\"name\":\"GURE KANPAMENTU GALAKTIKOA - Encuentros de Pamplona \/ Iru\u00f1eko Topaketak\",\"isPartOf\":{\"@id\":\"https:\/\/www.losencuentrosdepamplona.com\/#website\"},\"primaryImageOfPage\":{\"@id\":\"https:\/\/www.losencuentrosdepamplona.com\/escuela\/escuela-2\/el-futuro-es-primario-2\/#primaryimage\"},\"image\":{\"@id\":\"https:\/\/www.losencuentrosdepamplona.com\/escuela\/escuela-2\/el-futuro-es-primario-2\/#primaryimage\"},\"thumbnailUrl\":\"https:\/\/www.losencuentrosdepamplona.com\/wp-content\/uploads\/2024\/04\/Marina-LAMEIRO.jpg\",\"datePublished\":\"2026-01-20T22:11:36+00:00\",\"dateModified\":\"2026-03-24T09:06:18+00:00\",\"breadcrumb\":{\"@id\":\"https:\/\/www.losencuentrosdepamplona.com\/escuela\/escuela-2\/el-futuro-es-primario-2\/#breadcrumb\"},\"inLanguage\":\"eu-ES\",\"potentialAction\":[{\"@type\":\"ReadAction\",\"target\":[\"https:\/\/www.losencuentrosdepamplona.com\/escuela\/escuela-2\/el-futuro-es-primario-2\/\"]}]},{\"@type\":\"ImageObject\",\"inLanguage\":\"eu-ES\",\"@id\":\"https:\/\/www.losencuentrosdepamplona.com\/escuela\/escuela-2\/el-futuro-es-primario-2\/#primaryimage\",\"url\":\"https:\/\/www.losencuentrosdepamplona.com\/wp-content\/uploads\/2024\/04\/Marina-LAMEIRO.jpg\",\"contentUrl\":\"https:\/\/www.losencuentrosdepamplona.com\/wp-content\/uploads\/2024\/04\/Marina-LAMEIRO.jpg\",\"width\":800,\"height\":915},{\"@type\":\"BreadcrumbList\",\"@id\":\"https:\/\/www.losencuentrosdepamplona.com\/escuela\/escuela-2\/el-futuro-es-primario-2\/#breadcrumb\",\"itemListElement\":[{\"@type\":\"ListItem\",\"position\":1,\"name\":\"Portada\",\"item\":\"https:\/\/www.losencuentrosdepamplona.com\/eu\/\"},{\"@type\":\"ListItem\",\"position\":2,\"name\":\"Eskola 26\",\"item\":\"https:\/\/www.losencuentrosdepamplona.com\/eu\/escuela\/\"},{\"@type\":\"ListItem\",\"position\":3,\"name\":\"Eskola\",\"item\":\"https:\/\/www.losencuentrosdepamplona.com\/eu\/escuela\/eskola\/\"},{\"@type\":\"ListItem\",\"position\":4,\"name\":\"GURE KANPAMENTU GALAKTIKOA\"}]},{\"@type\":\"WebSite\",\"@id\":\"https:\/\/www.losencuentrosdepamplona.com\/#website\",\"url\":\"https:\/\/www.losencuentrosdepamplona.com\/\",\"name\":\"Encuentros de Pamplona \/ Iru\u00f1eko Topaketak\",\"description\":\"Bienal internacional de cultura, arte y pensamiento\",\"publisher\":{\"@id\":\"https:\/\/www.losencuentrosdepamplona.com\/#organization\"},\"potentialAction\":[{\"@type\":\"SearchAction\",\"target\":{\"@type\":\"EntryPoint\",\"urlTemplate\":\"https:\/\/www.losencuentrosdepamplona.com\/?s={search_term_string}\"},\"query-input\":{\"@type\":\"PropertyValueSpecification\",\"valueRequired\":true,\"valueName\":\"search_term_string\"}}],\"inLanguage\":\"eu-ES\"},{\"@type\":\"Organization\",\"@id\":\"https:\/\/www.losencuentrosdepamplona.com\/#organization\",\"name\":\"Encuentros de Pamplona \/ Iru\u00f1eko Topaketak\",\"url\":\"https:\/\/www.losencuentrosdepamplona.com\/\",\"logo\":{\"@type\":\"ImageObject\",\"inLanguage\":\"eu-ES\",\"@id\":\"https:\/\/www.losencuentrosdepamplona.com\/#\/schema\/logo\/image\/\",\"url\":\"https:\/\/www.losencuentrosdepamplona.com\/wp-content\/uploads\/2024\/02\/encuentros__mid-dark.svg\",\"contentUrl\":\"https:\/\/www.losencuentrosdepamplona.com\/wp-content\/uploads\/2024\/02\/encuentros__mid-dark.svg\",\"width\":1103,\"height\":294,\"caption\":\"Encuentros de Pamplona \/ Iru\u00f1eko Topaketak\"},\"image\":{\"@id\":\"https:\/\/www.losencuentrosdepamplona.com\/#\/schema\/logo\/image\/\"},\"sameAs\":[\"https:\/\/www.facebook.com\/encuentrosdepamplona\/\",\"https:\/\/x.com\/encuentros2024\",\"https:\/\/www.instagram.com\/losencuentrosdepamplona\/?hl=es\"]}]}<\/script>\n<!-- \/ Yoast SEO plugin. -->","yoast_head_json":{"title":"GURE KANPAMENTU GALAKTIKOA - Encuentros de Pamplona \/ Iru\u00f1eko Topaketak","robots":{"index":"index","follow":"follow","max-snippet":"max-snippet:-1","max-image-preview":"max-image-preview:large","max-video-preview":"max-video-preview:-1"},"canonical":"https:\/\/www.losencuentrosdepamplona.com\/escuela\/escuela-2\/el-futuro-es-primario-2\/","og_locale":"eu_ES","og_type":"article","og_title":"GURE KANPAMENTU GALAKTIKOA - Encuentros de Pamplona \/ Iru\u00f1eko Topaketak","og_description":"AzkonaToloza Laida Azkona Go\u00f1i eta Txalo Toloza-Fernandez artistak Mediterraneo itsasoaren, Pirinioen eta Atacamako basamortuaren artean ibiltzen dira, eta arte bizien proiektuak egiten dituzte. \u00a0Poesiaren eta antropologia bisualaren aukera amaigabeak, lofi bideogintza, performancea eta mugimendua interesatzen zaizkie, eta haien azken sorkuntzen ardatza historia ofizialaren berrirakurketa eta eszenarako pentsatutako sorkuntza dokumentala dira, eszenatzat harturik bai opera etxe&hellip;&nbsp;Read More &raquo;GURE KANPAMENTU GALAKTIKOA","og_url":"https:\/\/www.losencuentrosdepamplona.com\/escuela\/escuela-2\/el-futuro-es-primario-2\/","og_site_name":"Encuentros de Pamplona \/ Iru\u00f1eko Topaketak","article_publisher":"https:\/\/www.facebook.com\/encuentrosdepamplona\/","article_modified_time":"2026-03-24T09:06:18+00:00","og_image":[{"width":800,"height":915,"url":"https:\/\/www.losencuentrosdepamplona.com\/wp-content\/uploads\/2024\/04\/Marina-LAMEIRO.jpg","type":"image\/jpeg"}],"twitter_card":"summary_large_image","twitter_site":"@encuentros2024","twitter_misc":{"Est. reading time":"3 minutes"},"schema":{"@context":"https:\/\/schema.org","@graph":[{"@type":"WebPage","@id":"https:\/\/www.losencuentrosdepamplona.com\/escuela\/escuela-2\/el-futuro-es-primario-2\/","url":"https:\/\/www.losencuentrosdepamplona.com\/escuela\/escuela-2\/el-futuro-es-primario-2\/","name":"GURE KANPAMENTU GALAKTIKOA - Encuentros de Pamplona \/ Iru\u00f1eko Topaketak","isPartOf":{"@id":"https:\/\/www.losencuentrosdepamplona.com\/#website"},"primaryImageOfPage":{"@id":"https:\/\/www.losencuentrosdepamplona.com\/escuela\/escuela-2\/el-futuro-es-primario-2\/#primaryimage"},"image":{"@id":"https:\/\/www.losencuentrosdepamplona.com\/escuela\/escuela-2\/el-futuro-es-primario-2\/#primaryimage"},"thumbnailUrl":"https:\/\/www.losencuentrosdepamplona.com\/wp-content\/uploads\/2024\/04\/Marina-LAMEIRO.jpg","datePublished":"2026-01-20T22:11:36+00:00","dateModified":"2026-03-24T09:06:18+00:00","breadcrumb":{"@id":"https:\/\/www.losencuentrosdepamplona.com\/escuela\/escuela-2\/el-futuro-es-primario-2\/#breadcrumb"},"inLanguage":"eu-ES","potentialAction":[{"@type":"ReadAction","target":["https:\/\/www.losencuentrosdepamplona.com\/escuela\/escuela-2\/el-futuro-es-primario-2\/"]}]},{"@type":"ImageObject","inLanguage":"eu-ES","@id":"https:\/\/www.losencuentrosdepamplona.com\/escuela\/escuela-2\/el-futuro-es-primario-2\/#primaryimage","url":"https:\/\/www.losencuentrosdepamplona.com\/wp-content\/uploads\/2024\/04\/Marina-LAMEIRO.jpg","contentUrl":"https:\/\/www.losencuentrosdepamplona.com\/wp-content\/uploads\/2024\/04\/Marina-LAMEIRO.jpg","width":800,"height":915},{"@type":"BreadcrumbList","@id":"https:\/\/www.losencuentrosdepamplona.com\/escuela\/escuela-2\/el-futuro-es-primario-2\/#breadcrumb","itemListElement":[{"@type":"ListItem","position":1,"name":"Portada","item":"https:\/\/www.losencuentrosdepamplona.com\/eu\/"},{"@type":"ListItem","position":2,"name":"Eskola 26","item":"https:\/\/www.losencuentrosdepamplona.com\/eu\/escuela\/"},{"@type":"ListItem","position":3,"name":"Eskola","item":"https:\/\/www.losencuentrosdepamplona.com\/eu\/escuela\/eskola\/"},{"@type":"ListItem","position":4,"name":"GURE KANPAMENTU GALAKTIKOA"}]},{"@type":"WebSite","@id":"https:\/\/www.losencuentrosdepamplona.com\/#website","url":"https:\/\/www.losencuentrosdepamplona.com\/","name":"Encuentros de Pamplona \/ Iru\u00f1eko Topaketak","description":"Bienal internacional de cultura, arte y pensamiento","publisher":{"@id":"https:\/\/www.losencuentrosdepamplona.com\/#organization"},"potentialAction":[{"@type":"SearchAction","target":{"@type":"EntryPoint","urlTemplate":"https:\/\/www.losencuentrosdepamplona.com\/?s={search_term_string}"},"query-input":{"@type":"PropertyValueSpecification","valueRequired":true,"valueName":"search_term_string"}}],"inLanguage":"eu-ES"},{"@type":"Organization","@id":"https:\/\/www.losencuentrosdepamplona.com\/#organization","name":"Encuentros de Pamplona \/ Iru\u00f1eko Topaketak","url":"https:\/\/www.losencuentrosdepamplona.com\/","logo":{"@type":"ImageObject","inLanguage":"eu-ES","@id":"https:\/\/www.losencuentrosdepamplona.com\/#\/schema\/logo\/image\/","url":"https:\/\/www.losencuentrosdepamplona.com\/wp-content\/uploads\/2024\/02\/encuentros__mid-dark.svg","contentUrl":"https:\/\/www.losencuentrosdepamplona.com\/wp-content\/uploads\/2024\/02\/encuentros__mid-dark.svg","width":1103,"height":294,"caption":"Encuentros de Pamplona \/ Iru\u00f1eko Topaketak"},"image":{"@id":"https:\/\/www.losencuentrosdepamplona.com\/#\/schema\/logo\/image\/"},"sameAs":["https:\/\/www.facebook.com\/encuentrosdepamplona\/","https:\/\/x.com\/encuentros2024","https:\/\/www.instagram.com\/losencuentrosdepamplona\/?hl=es"]}]}},"uagb_featured_image_src":{"full":["https:\/\/www.losencuentrosdepamplona.com\/wp-content\/uploads\/2024\/04\/Marina-LAMEIRO.jpg",800,915,false],"thumbnail":["https:\/\/www.losencuentrosdepamplona.com\/wp-content\/uploads\/2024\/04\/Marina-LAMEIRO-150x150.jpg",150,150,true],"medium":["https:\/\/www.losencuentrosdepamplona.com\/wp-content\/uploads\/2024\/04\/Marina-LAMEIRO-262x300.jpg",262,300,true],"medium_large":["https:\/\/www.losencuentrosdepamplona.com\/wp-content\/uploads\/2024\/04\/Marina-LAMEIRO-768x878.jpg",768,878,true],"large":["https:\/\/www.losencuentrosdepamplona.com\/wp-content\/uploads\/2024\/04\/Marina-LAMEIRO.jpg",800,915,false],"thumblist":["https:\/\/www.losencuentrosdepamplona.com\/wp-content\/uploads\/2024\/04\/Marina-LAMEIRO.jpg",262,300,false],"thumbrelated":["https:\/\/www.losencuentrosdepamplona.com\/wp-content\/uploads\/2024\/04\/Marina-LAMEIRO.jpg",437,500,false],"meccarouselthumb":["https:\/\/www.losencuentrosdepamplona.com\/wp-content\/uploads\/2024\/04\/Marina-LAMEIRO.jpg",283,324,false],"gridsquare":["https:\/\/www.losencuentrosdepamplona.com\/wp-content\/uploads\/2024\/04\/Marina-LAMEIRO.jpg",227,260,false],"tileview":["https:\/\/www.losencuentrosdepamplona.com\/wp-content\/uploads\/2024\/04\/Marina-LAMEIRO.jpg",300,343,false],"1536x1536":["https:\/\/www.losencuentrosdepamplona.com\/wp-content\/uploads\/2024\/04\/Marina-LAMEIRO.jpg",800,915,false],"2048x2048":["https:\/\/www.losencuentrosdepamplona.com\/wp-content\/uploads\/2024\/04\/Marina-LAMEIRO.jpg",800,915,false],"neve-blog":["https:\/\/www.losencuentrosdepamplona.com\/wp-content\/uploads\/2024\/04\/Marina-LAMEIRO-800x620.jpg",800,620,true]},"uagb_author_info":{"display_name":"fran","author_link":"https:\/\/www.losencuentrosdepamplona.com\/eu\/author\/fran\/"},"uagb_comment_info":0,"uagb_excerpt":"AzkonaToloza Laida Azkona Go\u00f1i eta Txalo Toloza-Fernandez artistak Mediterraneo itsasoaren, Pirinioen eta Atacamako basamortuaren artean ibiltzen dira, eta arte bizien proiektuak egiten dituzte. \u00a0Poesiaren eta antropologia bisualaren aukera amaigabeak, lofi bideogintza, performancea eta mugimendua interesatzen zaizkie, eta haien azken sorkuntzen ardatza historia ofizialaren berrirakurketa eta eszenarako pentsatutako sorkuntza dokumentala dira, eszenatzat harturik bai opera etxe&hellip;&nbsp;Read&hellip;","_links":{"self":[{"href":"https:\/\/www.losencuentrosdepamplona.com\/eu\/wp-json\/wp\/v2\/pages\/13768","targetHints":{"allow":["GET"]}}],"collection":[{"href":"https:\/\/www.losencuentrosdepamplona.com\/eu\/wp-json\/wp\/v2\/pages"}],"about":[{"href":"https:\/\/www.losencuentrosdepamplona.com\/eu\/wp-json\/wp\/v2\/types\/page"}],"author":[{"embeddable":true,"href":"https:\/\/www.losencuentrosdepamplona.com\/eu\/wp-json\/wp\/v2\/users\/5"}],"replies":[{"embeddable":true,"href":"https:\/\/www.losencuentrosdepamplona.com\/eu\/wp-json\/wp\/v2\/comments?post=13768"}],"version-history":[{"count":15,"href":"https:\/\/www.losencuentrosdepamplona.com\/eu\/wp-json\/wp\/v2\/pages\/13768\/revisions"}],"predecessor-version":[{"id":14864,"href":"https:\/\/www.losencuentrosdepamplona.com\/eu\/wp-json\/wp\/v2\/pages\/13768\/revisions\/14864"}],"up":[{"embeddable":true,"href":"https:\/\/www.losencuentrosdepamplona.com\/eu\/wp-json\/wp\/v2\/pages\/13130"}],"wp:featuredmedia":[{"embeddable":true,"href":"https:\/\/www.losencuentrosdepamplona.com\/eu\/wp-json\/wp\/v2\/media\/2444"}],"wp:attachment":[{"href":"https:\/\/www.losencuentrosdepamplona.com\/eu\/wp-json\/wp\/v2\/media?parent=13768"}],"curies":[{"name":"wp","href":"https:\/\/api.w.org\/{rel}","templated":true}]}}