{"id":1427,"date":"2024-03-05T17:20:49","date_gmt":"2024-03-05T16:20:49","guid":{"rendered":"https:\/\/www.losencuentrosdepamplona.com\/pribatutasun-politika\/"},"modified":"2024-03-06T13:59:18","modified_gmt":"2024-03-06T12:59:18","slug":"pribatutasun-politika","status":"publish","type":"page","link":"https:\/\/www.losencuentrosdepamplona.com\/eu\/pribatutasun-politika\/","title":{"rendered":"Pribatutasun politika"},"content":{"rendered":"\n<h3 class=\"wp-block-heading\">Pol\u00edtica de Privacidad y protecci\u00f3n de datos de car\u00e1cter personal<\/h3>\n\n<p><strong>TRATAMIENTO DE DATOS PERSONALES A TRAV\u00c9S DE LA P\u00c1GINA WEB<\/strong><\/p>\n\n<p>En cumplimiento de lo establecido en la normativa aplicable de Protecci\u00f3n de Datos, le informamos que los datos que ser\u00e1n tratados como Responsable por FUNDACI\u00d3N BALUARTE, cuya finalidad del tratamiento es la prestaci\u00f3n del servicio que el usuario solicite a trav\u00e9s de los diversos formularios que consten en el presente portal web y para ello necesitamos que marque la casilla habilitada que indica la aceptaci\u00f3n de esta pol\u00edtica, de tal manera que si no lo hace no tendremos su consentimiento expreso y por ello no podremos dar respuesta a su solicitud.<\/p>\n\n<p>Para la correcta prestaci\u00f3n de los servicios ofrecidos por FUNDACI\u00d3N BALUARTE, es preciso que el usuario conteste a todas y cada una de las preguntas que aparecen en los formularios presentes en nuestro sitio web. Asimismo, el usuario declara que es mayor de edad.<\/p>\n\n<p>El tratamiento de los datos de car\u00e1cter personal solicitados tendr\u00e1n adem\u00e1s como finalidad del tratamiento el env\u00edo de informaci\u00f3n comercial relativa a productos y servicios ofrecidos actualmente y en el futuro por FUNDACI\u00d3N BALUARTE; esa informaci\u00f3n incluye comunicaciones publicitarias y promocionales, a trav\u00e9s de correo postal, fax, correo electr\u00f3nico o cualquier otro medio. Para realizar este tratamiento es necesario que el usuario marque la casilla habilitada al efecto en el formulario de la p\u00e1gina web.<\/p>\n\n<p>Dado el car\u00e1cter personal de los datos facilitados, FUNDACI\u00d3N BALUARTE se compromete a tratarlos con estricta confidencialidad guardando el secreto debido, a este efecto, la entidad ha implantado las medidas de seguridad adecuadas conforme el an\u00e1lisis de riesgos realizado.<\/p>\n\n<p>Le informamos que no se ceder\u00e1n sus datos a terceros ni se realizar\u00e1n transferencias internacionales de datos, salvo obligaci\u00f3n legal o cesi\u00f3n necesaria \u00fanica y exclusivamente cuando sea necesario para la prestaci\u00f3n del servicio solicitado, en cuyo caso se solicitar\u00e1 el consentimiento para ello.<\/p>\n\n<p><strong>DERECHOS<\/strong><\/p>\n\n<p>Los datos recabados y tratados se conservar\u00e1n por un plazo de tiempo limitado, dicho plazo ser\u00e1 el necesario para cumplir las obligaciones legales impuestas a FUNDACI\u00d3N BALUARTE por las diferentes normativas aplicables.<\/p>\n\n<p>El usuario como interesado puede ejercer en todo momento los siguientes derechos en la direcci\u00f3n indicada en el Aviso Legal:<\/p>\n\n<ul class=\"wp-block-list\">\n<li>Derecho de acceso: el interesado podr\u00e1 solicitar al Responsable los datos tratados y en caso afirmativo qu\u00e9 datos personales concretos son tratados.<\/li>\n\n\n\n<li>Derecho de rectificaci\u00f3n: el interesado podr\u00e1 solicitar al Responsable la correcci\u00f3n de sus datos personales en caso de no ser exactos.<\/li>\n\n\n\n<li>Derecho de supresi\u00f3n: el interesado podr\u00e1 solicitar al Responsable el borrado de sus datos personales.<\/li>\n\n\n\n<li>Derecho de oposici\u00f3n: el interesado podr\u00e1 oponerse a que el Responsable realice un tratamiento de sus datos personales.<\/li>\n\n\n\n<li>Derecho a la limitaci\u00f3n del tratamiento: el interesado podr\u00e1 solicitar al Responsable que temporalmente no trate sus datos personales en unos supuestos concretos.<\/li>\n\n\n\n<li>Derecho a la portabilidad: el interesado podr\u00e1 solicitar al Responsable sus datos automatizados en un formato estructurado de f\u00e1cil acceso y manejo.<\/li>\n<\/ul>\n\n<p>M\u00e1s informaci\u00f3n sobre sus derechos en <a href=\"http:\/\/www.agpd.es\/\">www.agpd.es<\/a>.<\/p>\n\n<p>Asimismo, tiene derecho a presentar una reclamaci\u00f3n ante la Agencia Espa\u00f1ola de Protecci\u00f3n de Datos.<\/p>\n\n<p><strong>COOKIES<\/strong><\/p>\n\n<p>Acuda a nuestra Pol\u00edtica de Cookies para obtener una informaci\u00f3n detallada al respecto.<\/p>\n\n<p><strong>INFORMACI\u00d3N COMPLETA SOBRE EL TRATAMIENTO DE DATOS PERSONALES<\/strong><\/p>\n\n<p><strong>RESPONSABLE DEL TRATAMIENTO<\/strong><\/p>\n\n<p>\u00bfQui\u00e9n es el responsable del tratamiento de sus datos?<\/p>\n\n<ul class=\"wp-block-list\">\n<li>Identidad: FUNDACI\u00d3N BALUARTE<\/li>\n\n\n\n<li>Direcci\u00f3n postal: Plaza de la Constituci\u00f3n s\/n, 31002, Pamplona (Navarra)<\/li>\n\n\n\n<li>Correo electr\u00f3nico: info@fundacionbaluarte.com<\/li>\n<\/ul>\n\n<p><strong>FINALIDAD DEL TRATAMIENTO<\/strong><\/p>\n\n<p>\u00bfCon qu\u00e9 finalidad tratamos sus datos personales?<\/p>\n\n<p>En FUNDACI\u00d3N BALUARTE tratamos la informaci\u00f3n que nos facilitan las personas interesadas con los siguientes fines:<\/p>\n\n<ul class=\"wp-block-list\">\n<li>Gesti\u00f3n y administraci\u00f3n de la relaci\u00f3n contractual establecida con proveedores, clientes y empleados.<\/li>\n\n\n\n<li>Gestionar el registro horario de los empleados de la entidad.<\/li>\n\n\n\n<li>Videovigilancia de las instalaciones en el caso de que Usted acceda a nuestras instalaciones dotadas de c\u00e1maras de seguridad.<\/li>\n\n\n\n<li>Dar respuesta a sus consultas y cuestiones en el caso de que Usted nos formule alguna pregunta a trav\u00e9s de la p\u00e1gina web.<\/li>\n\n\n\n<li>Evaluar su candidatura ante una futura vacante para un puesto de trabajo, en caso de habernos facilitado su cv.<\/li>\n\n\n\n<li>Gestionar las actividades organizadas por la entidad.<\/li>\n<\/ul>\n\n<p><strong>\u00bfCu\u00e1nto tiempo conservaremos sus datos?<\/strong><\/p>\n\n<p>Los datos personales proporcionados se conservar\u00e1n:<\/p>\n\n<ul class=\"wp-block-list\">\n<li>Mientras se mantenga la relaci\u00f3n mercantil.<\/li>\n\n\n\n<li>No se solicite su supresi\u00f3n por el interesado.<\/li>\n\n\n\n<li>La informaci\u00f3n que por imperativo legal deba conservarse un tiempo espec\u00edfico no se eliminar\u00e1 hasta que transcurra el tiempo indicado en la ley.<\/li>\n<\/ul>\n\n<p><strong>LEGITIMACI\u00d3N DEL TRATAMIENTO<\/strong><\/p>\n\n<p>\u00bfCu\u00e1l es la legitimaci\u00f3n para el tratamiento de sus datos?<\/p>\n\n<p>La base legal para el tratamiento de sus datos es la siguiente:<\/p>\n\n<ul class=\"wp-block-list\">\n<li>Ejecuci\u00f3n del contrato en el caso de que Usted sea empleado, abonado de la Fundaci\u00f3n, abonado de la orquesta o proveedor.<\/li>\n\n\n\n<li>Obligaci\u00f3n legal a la hora de registrar el control horario del empleado.<\/li>\n\n\n\n<li>Inter\u00e9s p\u00fablico en el caso de que haya sido grabado por las c\u00e1maras de videovigilancia.<\/li>\n\n\n\n<li>Consentimiento del interesado prestado en la p\u00e1gina web en el caso de que usted realice alguna petici\u00f3n o consulta en nuestro formulario de contacto o bien se suscriba a la newsletter o blog. Redes sociales imagen.<\/li>\n\n\n\n<li>Consentimiento del interesado en el caso de que haya enviado su CV.<\/li>\n<\/ul>\n\n<p><strong>DESTINATARIOS DE LOS DATOS SUMINISTRADOS<\/strong><\/p>\n\n<p>\u00bfA qu\u00e9 destinatarios se comunicar\u00e1n sus datos?<\/p>\n\n<p>Los datos se comunicar\u00e1n por requisito legal a:<\/p>\n\n<ul class=\"wp-block-list\">\n<li>Organismos de la seguridad social (En el caso de los empleados)<\/li>\n\n\n\n<li>Administraci\u00f3n tributaria (En el caso de empleados, proveedores y clientes)<\/li>\n\n\n\n<li>Otros \u00f3rganos de la administraci\u00f3n p\u00fablica (En el caso de empleados, proveedores y clientes)<\/li>\n\n\n\n<li>Fuerzas y cuerpos de seguridad (En el caso de videovigilancia)<\/li>\n\n\n\n<li>Entidades aseguradoras (caso de empleados)<\/li>\n<\/ul>\n\n<p>Los datos se comunicar\u00e1n por requisito contractual a:<\/p>\n\n<ul class=\"wp-block-list\">\n<li>Bancos, cajas de ahorros, y cajas rurales<\/li>\n<\/ul>\n\n<p>Los datos (IMAGENES) de TRABAJADORES\/CLIENTES\/EVENTOS\/FORMACIONES se comunicar\u00e1n a las siguientes Redes sociales (previo consentimiento del afectado):<\/p>\n\n<ul class=\"wp-block-list\">\n<li>Facebook<\/li>\n\n\n\n<li>Twitter<\/li>\n\n\n\n<li>Instagram<\/li>\n\n\n\n<li>Youtube<\/li>\n<\/ul>\n\n<p><em>* Las cesiones descritas en el presente apartado c) conllevan una transferencia internacional de datos a EEUU, para las cuales el afectado ha otorgado su consentimiento.<\/em><\/p>\n\n<p><strong>DERECHOS DE LOS INTERESADOS<\/strong><\/p>\n\n<p>\u00bfCu\u00e1les son sus derechos?<\/p>\n\n<p>Cualquier persona tiene derecho a obtener confirmaci\u00f3n sobre si en FUNDACI\u00d3N BALUARTE estamos tratando datos personales que les conciernan, o no.<\/p>\n\n<ul class=\"wp-block-list\">\n<li>Derecho de acceso: el interesado podr\u00e1 solicitar al Responsable los datos tratados y en caso afirmativo qu\u00e9 datos personales concretos son tratados.<\/li>\n\n\n\n<li>Derecho de rectificaci\u00f3n: el interesado podr\u00e1 solicitar al Responsable la correcci\u00f3n de sus datos personales en caso de no ser exactos.<\/li>\n\n\n\n<li>Derecho de supresi\u00f3n: el interesado podr\u00e1 solicitar al Responsable el borrado de sus datos personales cuando, entre otros motivos, los datos ya no sean necesarios para los fines para los que fueron recogidos.<\/li>\n\n\n\n<li>Derecho de oposici\u00f3n: el interesado podr\u00e1 oponerse a que el Responsable realice un tratamiento de sus datos personales.<\/li>\n\n\n\n<li>Derecho a la limitaci\u00f3n del tratamiento: el interesado podr\u00e1 solicitar al Responsable que temporalmente no trate sus datos personales en unos supuestos concretos.<\/li>\n\n\n\n<li>Derecho a la portabilidad: el interesado podr\u00e1 solicitar al Responsable sus datos automatizados en un formato estructurado de f\u00e1cil acceso y manejo.<\/li>\n<\/ul>\n\n<p><strong>\u00bfC\u00f3mo se pueden ejercer los derechos?<\/strong><\/p>\n\n<p>Mediante un escrito dirigido a FUNDACI\u00d3N BALUARTE, Plaza de la Constituci\u00f3n s\/n, 31002, Pamplona (Navarra).<\/p>\n\n<p><strong>\u00bfQu\u00e9 v\u00edas de reclamaci\u00f3n existen?<\/strong><\/p>\n\n<p>Si considera que sus derechos no se han atendido debidamente, tiene derecho a presentar una reclamaci\u00f3n ante la Agencia Espa\u00f1ola de Protecci\u00f3n de Datos, C\/ Jorge Juan, 6. 28001 \u2013 Madrid.<\/p>\n","protected":false},"excerpt":{"rendered":"<p>Pol\u00edtica de Privacidad y protecci\u00f3n de datos de car\u00e1cter personal TRATAMIENTO DE DATOS PERSONALES A TRAV\u00c9S DE LA P\u00c1GINA WEB En cumplimiento de lo establecido en la normativa aplicable de Protecci\u00f3n de Datos, le informamos que los datos que ser\u00e1n tratados como Responsable por FUNDACI\u00d3N BALUARTE, cuya finalidad del tratamiento es la prestaci\u00f3n del servicio&hellip;&nbsp;<a href=\"https:\/\/www.losencuentrosdepamplona.com\/eu\/pribatutasun-politika\/\" rel=\"bookmark\">Read More &raquo;<span class=\"screen-reader-text\">Pribatutasun politika<\/span><\/a><\/p>\n","protected":false},"author":1,"featured_media":0,"parent":0,"menu_order":0,"comment_status":"closed","ping_status":"closed","template":"","meta":{"_acf_changed":false,"_uag_custom_page_level_css":"","_monsterinsights_skip_tracking":false,"_monsterinsights_sitenote_active":false,"_monsterinsights_sitenote_note":"","_monsterinsights_sitenote_category":0,"neve_meta_sidebar":"","neve_meta_container":"","neve_meta_enable_content_width":"","neve_meta_content_width":0,"neve_meta_title_alignment":"","neve_meta_author_avatar":"","neve_post_elements_order":"","neve_meta_disable_header":"","neve_meta_disable_footer":"","neve_meta_disable_title":"","neve_meta_reading_time":"","footnotes":""},"class_list":["post-1427","page","type-page","status-publish","hentry"],"acf":[],"yoast_head":"<!-- This site is optimized with the Yoast SEO plugin v23.5 - https:\/\/yoast.com\/wordpress\/plugins\/seo\/ -->\n<title>Pribatutasun politika - Encuentros de Pamplona \/ Iru\u00f1eko Topaketak<\/title>\n<meta name=\"robots\" content=\"index, follow, max-snippet:-1, max-image-preview:large, max-video-preview:-1\" \/>\n<link rel=\"canonical\" href=\"https:\/\/www.losencuentrosdepamplona.com\/politica-de-privacidad\/\" \/>\n<meta property=\"og:locale\" content=\"eu_ES\" \/>\n<meta property=\"og:type\" content=\"article\" \/>\n<meta property=\"og:title\" content=\"Pribatutasun politika - Encuentros de Pamplona \/ Iru\u00f1eko Topaketak\" \/>\n<meta property=\"og:description\" content=\"Pol\u00edtica de Privacidad y protecci\u00f3n de datos de car\u00e1cter personal TRATAMIENTO DE DATOS PERSONALES A TRAV\u00c9S DE LA P\u00c1GINA WEB En cumplimiento de lo establecido en la normativa aplicable de Protecci\u00f3n de Datos, le informamos que los datos que ser\u00e1n tratados como Responsable por FUNDACI\u00d3N BALUARTE, cuya finalidad del tratamiento es la prestaci\u00f3n del servicio&hellip;&nbsp;Read More &raquo;Pribatutasun politika\" \/>\n<meta property=\"og:url\" content=\"https:\/\/www.losencuentrosdepamplona.com\/politica-de-privacidad\/\" \/>\n<meta property=\"og:site_name\" content=\"Encuentros de Pamplona \/ Iru\u00f1eko Topaketak\" \/>\n<meta property=\"article:publisher\" content=\"https:\/\/www.facebook.com\/encuentrosdepamplona\/\" \/>\n<meta property=\"article:modified_time\" content=\"2024-03-06T12:59:18+00:00\" \/>\n<meta name=\"twitter:card\" content=\"summary_large_image\" \/>\n<meta name=\"twitter:site\" content=\"@encuentros2024\" \/>\n<meta name=\"twitter:label1\" content=\"Est. reading time\" \/>\n\t<meta name=\"twitter:data1\" content=\"7 minutes\" \/>\n<script type=\"application\/ld+json\" class=\"yoast-schema-graph\">{\"@context\":\"https:\/\/schema.org\",\"@graph\":[{\"@type\":\"WebPage\",\"@id\":\"https:\/\/www.losencuentrosdepamplona.com\/politica-de-privacidad\/\",\"url\":\"https:\/\/www.losencuentrosdepamplona.com\/politica-de-privacidad\/\",\"name\":\"Pribatutasun politika - Encuentros de Pamplona \/ Iru\u00f1eko Topaketak\",\"isPartOf\":{\"@id\":\"https:\/\/www.losencuentrosdepamplona.com\/#website\"},\"datePublished\":\"2024-03-05T16:20:49+00:00\",\"dateModified\":\"2024-03-06T12:59:18+00:00\",\"breadcrumb\":{\"@id\":\"https:\/\/www.losencuentrosdepamplona.com\/politica-de-privacidad\/#breadcrumb\"},\"inLanguage\":\"eu-ES\",\"potentialAction\":[{\"@type\":\"ReadAction\",\"target\":[\"https:\/\/www.losencuentrosdepamplona.com\/politica-de-privacidad\/\"]}]},{\"@type\":\"BreadcrumbList\",\"@id\":\"https:\/\/www.losencuentrosdepamplona.com\/politica-de-privacidad\/#breadcrumb\",\"itemListElement\":[{\"@type\":\"ListItem\",\"position\":1,\"name\":\"Portada\",\"item\":\"https:\/\/www.losencuentrosdepamplona.com\/eu\/\"},{\"@type\":\"ListItem\",\"position\":2,\"name\":\"Pribatutasun politika\"}]},{\"@type\":\"WebSite\",\"@id\":\"https:\/\/www.losencuentrosdepamplona.com\/#website\",\"url\":\"https:\/\/www.losencuentrosdepamplona.com\/\",\"name\":\"Encuentros de Pamplona \/ Iru\u00f1eko Topaketak\",\"description\":\"Bienal internacional de cultura, arte y pensamiento\",\"publisher\":{\"@id\":\"https:\/\/www.losencuentrosdepamplona.com\/#organization\"},\"potentialAction\":[{\"@type\":\"SearchAction\",\"target\":{\"@type\":\"EntryPoint\",\"urlTemplate\":\"https:\/\/www.losencuentrosdepamplona.com\/?s={search_term_string}\"},\"query-input\":{\"@type\":\"PropertyValueSpecification\",\"valueRequired\":true,\"valueName\":\"search_term_string\"}}],\"inLanguage\":\"eu-ES\"},{\"@type\":\"Organization\",\"@id\":\"https:\/\/www.losencuentrosdepamplona.com\/#organization\",\"name\":\"Encuentros de Pamplona \/ Iru\u00f1eko Topaketak\",\"url\":\"https:\/\/www.losencuentrosdepamplona.com\/\",\"logo\":{\"@type\":\"ImageObject\",\"inLanguage\":\"eu-ES\",\"@id\":\"https:\/\/www.losencuentrosdepamplona.com\/#\/schema\/logo\/image\/\",\"url\":\"https:\/\/www.losencuentrosdepamplona.com\/wp-content\/uploads\/2024\/02\/encuentros__mid-dark.svg\",\"contentUrl\":\"https:\/\/www.losencuentrosdepamplona.com\/wp-content\/uploads\/2024\/02\/encuentros__mid-dark.svg\",\"width\":1103,\"height\":294,\"caption\":\"Encuentros de Pamplona \/ Iru\u00f1eko Topaketak\"},\"image\":{\"@id\":\"https:\/\/www.losencuentrosdepamplona.com\/#\/schema\/logo\/image\/\"},\"sameAs\":[\"https:\/\/www.facebook.com\/encuentrosdepamplona\/\",\"https:\/\/x.com\/encuentros2024\",\"https:\/\/www.instagram.com\/losencuentrosdepamplona\/?hl=es\"]}]}<\/script>\n<!-- \/ Yoast SEO plugin. -->","yoast_head_json":{"title":"Pribatutasun politika - Encuentros de Pamplona \/ Iru\u00f1eko Topaketak","robots":{"index":"index","follow":"follow","max-snippet":"max-snippet:-1","max-image-preview":"max-image-preview:large","max-video-preview":"max-video-preview:-1"},"canonical":"https:\/\/www.losencuentrosdepamplona.com\/politica-de-privacidad\/","og_locale":"eu_ES","og_type":"article","og_title":"Pribatutasun politika - Encuentros de Pamplona \/ Iru\u00f1eko Topaketak","og_description":"Pol\u00edtica de Privacidad y protecci\u00f3n de datos de car\u00e1cter personal TRATAMIENTO DE DATOS PERSONALES A TRAV\u00c9S DE LA P\u00c1GINA WEB En cumplimiento de lo establecido en la normativa aplicable de Protecci\u00f3n de Datos, le informamos que los datos que ser\u00e1n tratados como Responsable por FUNDACI\u00d3N BALUARTE, cuya finalidad del tratamiento es la prestaci\u00f3n del servicio&hellip;&nbsp;Read More &raquo;Pribatutasun politika","og_url":"https:\/\/www.losencuentrosdepamplona.com\/politica-de-privacidad\/","og_site_name":"Encuentros de Pamplona \/ Iru\u00f1eko Topaketak","article_publisher":"https:\/\/www.facebook.com\/encuentrosdepamplona\/","article_modified_time":"2024-03-06T12:59:18+00:00","twitter_card":"summary_large_image","twitter_site":"@encuentros2024","twitter_misc":{"Est. reading time":"7 minutes"},"schema":{"@context":"https:\/\/schema.org","@graph":[{"@type":"WebPage","@id":"https:\/\/www.losencuentrosdepamplona.com\/politica-de-privacidad\/","url":"https:\/\/www.losencuentrosdepamplona.com\/politica-de-privacidad\/","name":"Pribatutasun politika - Encuentros de Pamplona \/ Iru\u00f1eko Topaketak","isPartOf":{"@id":"https:\/\/www.losencuentrosdepamplona.com\/#website"},"datePublished":"2024-03-05T16:20:49+00:00","dateModified":"2024-03-06T12:59:18+00:00","breadcrumb":{"@id":"https:\/\/www.losencuentrosdepamplona.com\/politica-de-privacidad\/#breadcrumb"},"inLanguage":"eu-ES","potentialAction":[{"@type":"ReadAction","target":["https:\/\/www.losencuentrosdepamplona.com\/politica-de-privacidad\/"]}]},{"@type":"BreadcrumbList","@id":"https:\/\/www.losencuentrosdepamplona.com\/politica-de-privacidad\/#breadcrumb","itemListElement":[{"@type":"ListItem","position":1,"name":"Portada","item":"https:\/\/www.losencuentrosdepamplona.com\/eu\/"},{"@type":"ListItem","position":2,"name":"Pribatutasun politika"}]},{"@type":"WebSite","@id":"https:\/\/www.losencuentrosdepamplona.com\/#website","url":"https:\/\/www.losencuentrosdepamplona.com\/","name":"Encuentros de Pamplona \/ Iru\u00f1eko Topaketak","description":"Bienal internacional de cultura, arte y pensamiento","publisher":{"@id":"https:\/\/www.losencuentrosdepamplona.com\/#organization"},"potentialAction":[{"@type":"SearchAction","target":{"@type":"EntryPoint","urlTemplate":"https:\/\/www.losencuentrosdepamplona.com\/?s={search_term_string}"},"query-input":{"@type":"PropertyValueSpecification","valueRequired":true,"valueName":"search_term_string"}}],"inLanguage":"eu-ES"},{"@type":"Organization","@id":"https:\/\/www.losencuentrosdepamplona.com\/#organization","name":"Encuentros de Pamplona \/ Iru\u00f1eko Topaketak","url":"https:\/\/www.losencuentrosdepamplona.com\/","logo":{"@type":"ImageObject","inLanguage":"eu-ES","@id":"https:\/\/www.losencuentrosdepamplona.com\/#\/schema\/logo\/image\/","url":"https:\/\/www.losencuentrosdepamplona.com\/wp-content\/uploads\/2024\/02\/encuentros__mid-dark.svg","contentUrl":"https:\/\/www.losencuentrosdepamplona.com\/wp-content\/uploads\/2024\/02\/encuentros__mid-dark.svg","width":1103,"height":294,"caption":"Encuentros de Pamplona \/ Iru\u00f1eko Topaketak"},"image":{"@id":"https:\/\/www.losencuentrosdepamplona.com\/#\/schema\/logo\/image\/"},"sameAs":["https:\/\/www.facebook.com\/encuentrosdepamplona\/","https:\/\/x.com\/encuentros2024","https:\/\/www.instagram.com\/losencuentrosdepamplona\/?hl=es"]}]}},"uagb_featured_image_src":{"full":false,"thumbnail":false,"medium":false,"medium_large":false,"large":false,"thumblist":false,"thumbrelated":false,"meccarouselthumb":false,"gridsquare":false,"tileview":false,"1536x1536":false,"2048x2048":false,"neve-blog":false},"uagb_author_info":{"display_name":"ec6eef2fcc","author_link":"https:\/\/www.losencuentrosdepamplona.com\/eu\/author\/ec6eef2fcc\/"},"uagb_comment_info":0,"uagb_excerpt":"Pol\u00edtica de Privacidad y protecci\u00f3n de datos de car\u00e1cter personal TRATAMIENTO DE DATOS PERSONALES A TRAV\u00c9S DE LA P\u00c1GINA WEB En cumplimiento de lo establecido en la normativa aplicable de Protecci\u00f3n de Datos, le informamos que los datos que ser\u00e1n tratados como Responsable por FUNDACI\u00d3N BALUARTE, cuya finalidad del tratamiento es la prestaci\u00f3n del servicio&hellip;&nbsp;Read&hellip;","_links":{"self":[{"href":"https:\/\/www.losencuentrosdepamplona.com\/eu\/wp-json\/wp\/v2\/pages\/1427","targetHints":{"allow":["GET"]}}],"collection":[{"href":"https:\/\/www.losencuentrosdepamplona.com\/eu\/wp-json\/wp\/v2\/pages"}],"about":[{"href":"https:\/\/www.losencuentrosdepamplona.com\/eu\/wp-json\/wp\/v2\/types\/page"}],"author":[{"embeddable":true,"href":"https:\/\/www.losencuentrosdepamplona.com\/eu\/wp-json\/wp\/v2\/users\/1"}],"replies":[{"embeddable":true,"href":"https:\/\/www.losencuentrosdepamplona.com\/eu\/wp-json\/wp\/v2\/comments?post=1427"}],"version-history":[{"count":0,"href":"https:\/\/www.losencuentrosdepamplona.com\/eu\/wp-json\/wp\/v2\/pages\/1427\/revisions"}],"wp:attachment":[{"href":"https:\/\/www.losencuentrosdepamplona.com\/eu\/wp-json\/wp\/v2\/media?parent=1427"}],"curies":[{"name":"wp","href":"https:\/\/api.w.org\/{rel}","templated":true}]}}